{"id":9489,"date":"2025-06-08T10:03:51","date_gmt":"2025-06-08T08:03:51","guid":{"rendered":"https:\/\/alaev-lueneburg.de\/alawordpress\/?page_id=9489"},"modified":"2026-02-16T11:41:54","modified_gmt":"2026-02-16T10:41:54","slug":"vorstand","status":"publish","type":"page","link":"https:\/\/alaev-lueneburg.de\/alawordpress\/vorstand\/","title":{"rendered":"Vorstand"},"content":{"rendered":"<div data-colibri-id=\"9489-c1\" class=\"style-1783 style-local-9489-c1 position-relative\">\n  <!---->\n  <div data-colibri-component=\"section\" data-colibri-id=\"9489-c2\" id=\"reusable-sections\" class=\"h-section h-section-global-spacing d-flex align-items-lg-center align-items-md-center align-items-center style-1784 style-local-9489-c2 position-relative\">\n    <!---->\n    <!---->\n    <div class=\"h-section-grid-container h-section-boxed-container\">\n      <div data-colibri-id=\"9489-c7\" class=\"h-row-container gutters-row-lg-2 gutters-row-md-2 gutters-row-2 gutters-row-v-lg-2 gutters-row-v-md-2 gutters-row-v-2 style-1789 style-local-9489-c7 position-relative\">\n        <!---->\n        <div class=\"h-row justify-content-lg-center justify-content-md-center justify-content-center align-items-lg-stretch align-items-md-stretch align-items-stretch gutters-col-lg-2 gutters-col-md-2 gutters-col-2 gutters-col-v-lg-2 gutters-col-v-md-2 gutters-col-v-2\">\n          <!---->\n          <div class=\"h-column h-column-container d-flex h-col-lg-auto h-col-md-auto h-col-auto style-1790-outer style-local-9489-c8-outer\">\n            <div data-colibri-id=\"9489-c8\" class=\"d-flex h-flex-basis h-column__inner h-px-lg-2 h-px-md-2 h-px-2 v-inner-lg-2 v-inner-md-2 v-inner-2 style-1790 style-local-9489-c8 position-relative\">\n              <!---->\n              <!---->\n              <div class=\"w-100 h-y-container h-column__content h-column__v-align flex-basis-100 align-self-lg-start align-self-md-start align-self-start\">\n                <!---->\n                <div data-colibri-id=\"9489-c9\" class=\"h-global-transition-all h-heading style-1791 style-local-9489-c9 position-relative h-element\">\n                  <!---->\n                  <div class=\"h-heading__outer style-1791 style-local-9489-c9\">\n                    <!---->\n                    <!---->\n                    <h2 class=\"\">Vorstand<\/h2>\n                  <\/div>\n                <\/div>\n                <div data-colibri-id=\"9489-c10\" class=\"h-lead h-text h-text-component style-1792 style-local-9489-c10 position-relative h-element\">\n                  <!---->\n                  <!---->\n                  <div class=\"\">\n                    <p>Der ALA Vorstand stellt sich vor.<\/p>\n                  <\/div>\n                <\/div>\n                <div data-colibri-id=\"9489-c11\" class=\"h-row-container gutters-row-lg-2 gutters-row-md-2 gutters-row-0 gutters-row-v-lg-2 gutters-row-v-md-2 gutters-row-v-0 style-1793 style-local-9489-c11 position-relative\">\n                  <!---->\n                  <div class=\"h-row justify-content-lg-center justify-content-md-center justify-content-center align-items-lg-stretch align-items-md-stretch align-items-stretch gutters-col-lg-2 gutters-col-md-2 gutters-col-0 gutters-col-v-lg-2 gutters-col-v-md-2 gutters-col-v-0\">\n                    <!---->\n                    <div class=\"h-column h-column-container d-flex h-col-lg-12 h-col-md-12 h-col-12 style-1794-outer style-local-9489-c12-outer\">\n                      <div data-colibri-id=\"9489-c12\" class=\"d-flex h-flex-basis h-column__inner h-px-lg-2 h-px-md-2 h-px-2 v-inner-lg-2 v-inner-md-2 v-inner-2 style-1794 style-local-9489-c12 position-relative\">\n                        <!---->\n                        <!---->\n                        <div class=\"w-100 h-y-container h-column__content h-column__v-align flex-basis-100 align-self-lg-start align-self-md-start align-self-start\">\n                          <!---->\n                          <div data-colibri-id=\"9489-c13\" class=\"h-global-transition-all h-heading style-1795 style-local-9489-c13 position-relative h-element\">\n                            <!---->\n                            <div class=\"h-heading__outer style-1795 style-local-9489-c13\">\n                              <!---->\n                              <!---->\n                              <h5 class=\"\">Steffen Wolter<\/h5>\n                            <\/div>\n                          <\/div>\n                          <div data-colibri-id=\"9489-c14\" class=\"h-text h-text-component style-1796 style-local-9489-c14 position-relative h-element\">\n                            <!---->\n                            <!---->\n                            <div class=\"\">\n                              <p>Erster Vorsitzender.<\/p>\n                            <\/div>\n                          <\/div>\n                        <\/div>\n                      <\/div>\n                    <\/div>\n                    <div class=\"h-column h-column-container d-flex h-col-lg-12 h-col-md-12 h-col-12 style-1797-outer style-local-9489-c15-outer\">\n                      <div data-colibri-id=\"9489-c15\" class=\"d-flex h-flex-basis h-column__inner h-px-lg-2 h-px-md-2 h-px-2 v-inner-lg-2 v-inner-md-2 v-inner-2 style-1797 style-local-9489-c15 position-relative\">\n                        <!---->\n                        <!---->\n                        <div class=\"w-100 h-y-container h-column__content h-column__v-align flex-basis-100 align-self-lg-start align-self-md-start align-self-start\">\n                          <!---->\n                          <div data-colibri-id=\"9489-c16\" class=\"h-global-transition-all h-heading style-1795 style-local-9489-c16 position-relative h-element\">\n                            <!---->\n                            <div class=\"h-heading__outer style-1795 style-local-9489-c16\">\n                              <!---->\n                              <!---->\n                              <h5 class=\"\">Reiner Haffke<\/h5>\n                            <\/div>\n                          <\/div>\n                          <div data-colibri-id=\"9489-c17\" class=\"h-text h-text-component style-1796 style-local-9489-c17 position-relative h-element\">\n                            <!---->\n                            <!---->\n                            <div class=\"\">\n                              <p>Zweiter Vorsitzender.<\/p>\n                            <\/div>\n                          <\/div>\n                        <\/div>\n                      <\/div>\n                    <\/div>\n                    <div class=\"h-column h-column-container d-flex h-col-lg-12 h-col-md-12 h-col-12 style-1798-outer style-local-9489-c18-outer\">\n                      <div data-colibri-id=\"9489-c18\" class=\"d-flex h-flex-basis h-column__inner h-px-lg-2 h-px-md-2 h-px-2 v-inner-lg-2 v-inner-md-2 v-inner-2 style-1798 style-local-9489-c18 position-relative\">\n                        <!---->\n                        <!---->\n                        <div class=\"w-100 h-y-container h-column__content h-column__v-align flex-basis-100 align-self-lg-start align-self-md-start align-self-start\">\n                          <!---->\n                          <div data-colibri-id=\"9489-c19\" class=\"h-global-transition-all h-heading style-1795 style-local-9489-c19 position-relative h-element\">\n                            <!---->\n                            <div class=\"h-heading__outer style-1795 style-local-9489-c19\">\n                              <!---->\n                              <!---->\n                              <h5 class=\"\">Werner Preu\u00df<\/h5>\n                            <\/div>\n                          <\/div>\n                          <div data-colibri-id=\"9489-c20\" class=\"h-text h-text-component style-1799 style-local-9489-c20 position-relative h-element\">\n                            <!---->\n                            <!---->\n                            <div class=\"\">\n                              <p>Schriftf\u00fchrer.<\/p>\n                            <\/div>\n                          <\/div>\n                        <\/div>\n                      <\/div>\n                    <\/div>\n                    <div class=\"h-column h-column-container d-flex h-col-lg-12 h-col-md-12 h-col-12 style-1800-outer style-local-9489-c21-outer\">\n                      <div data-colibri-id=\"9489-c21\" class=\"d-flex h-flex-basis h-column__inner h-px-lg-2 h-px-md-2 h-px-2 v-inner-lg-2 v-inner-md-2 v-inner-2 style-1800 style-local-9489-c21 position-relative\">\n                        <!---->\n                        <!---->\n                        <div class=\"w-100 h-y-container h-column__content h-column__v-align flex-basis-100 align-self-lg-start align-self-md-start align-self-start\">\n                          <!---->\n                          <div data-colibri-id=\"9489-c22\" class=\"h-global-transition-all h-heading style-1795 style-local-9489-c22 position-relative h-element\">\n                            <!---->\n                            <div class=\"h-heading__outer style-1795 style-local-9489-c22\">\n                              <!---->\n                              <!---->\n                              <h5 class=\"\">J\u00fcrgen Labatz<\/h5>\n                            <\/div>\n                          <\/div>\n                          <div data-colibri-id=\"9489-c23\" class=\"h-text h-text-component style-1799 style-local-9489-c23 position-relative h-element\">\n                            <!---->\n                            <!---->\n                            <div class=\"\">\n                              <p>Schatzmeister.<\/p>\n                            <\/div>\n                          <\/div>\n                        <\/div>\n                      <\/div>\n                    <\/div>\n                    <div class=\"h-column h-column-container d-flex h-col-lg-12 h-col-md-12 h-col-12 style-1800-outer style-local-9489-c24-outer\">\n                      <div data-colibri-id=\"9489-c24\" class=\"d-flex h-flex-basis h-column__inner h-px-lg-2 h-px-md-2 h-px-2 v-inner-lg-2 v-inner-md-2 v-inner-2 style-1800 style-local-9489-c24 position-relative\">\n                        <!---->\n                        <!---->\n                        <div class=\"w-100 h-y-container h-column__content h-column__v-align flex-basis-100 align-self-lg-start align-self-md-start align-self-start\">\n                          <!---->\n                          <div data-colibri-id=\"9489-c25\" class=\"h-global-transition-all h-heading style-1795 style-local-9489-c25 position-relative h-element\">\n                            <!---->\n                            <div class=\"h-heading__outer style-1795 style-local-9489-c25\">\n                              <!---->\n                              <!---->\n                              <h5 class=\"\">Reiner Netwall<\/h5>\n                            <\/div>\n                          <\/div>\n                          <div data-colibri-id=\"9489-c26\" class=\"h-text h-text-component style-1799 style-local-9489-c26 position-relative h-element\">\n                            <!---->\n                            <!---->\n                            <div class=\"\">\n                              <p>Beisitzer.<\/p>\n                            <\/div>\n                          <\/div>\n                        <\/div>\n                      <\/div>\n                    <\/div>\n                  <\/div>\n                <\/div>\n              <\/div>\n            <\/div>\n          <\/div>\n        <\/div>\n      <\/div>\n      <div data-colibri-id=\"9489-c3\" class=\"h-row-container gutters-row-lg-0 gutters-row-md-0 gutters-row-0 gutters-row-v-lg-0 gutters-row-v-md-0 gutters-row-v-0 style-1785 style-local-9489-c3 h-overflow-hidden position-relative\">\n        <!---->\n        <div class=\"h-row justify-content-lg-center justify-content-md-center justify-content-center align-items-lg-end align-items-md-end align-items-end gutters-col-lg-0 gutters-col-md-0 gutters-col-0 gutters-col-v-lg-0 gutters-col-v-md-0 gutters-col-v-0\">\n          <!---->\n          <div class=\"h-column h-column-container d-flex h-col-lg-auto h-col-md-auto h-col-auto align-self-lg-end align-self-md-end align-self-end style-1786-outer style-local-9489-c4-outer\">\n            <div data-colibri-id=\"9489-c4\" class=\"d-flex h-flex-basis h-column__inner h-ui-empty-state-container h-px-lg-0 h-px-md-0 h-px-0 v-inner-lg-0 v-inner-md-0 v-inner-0 style-1786 style-local-9489-c4 position-relative\">\n              <!---->\n              <!---->\n              <div class=\"w-100 h-y-container h-column__content h-column__v-align flex-basis-100\">\n                <!---->\n              <\/div>\n            <\/div>\n          <\/div>\n          <div class=\"h-column h-column-container d-flex h-col-lg-auto h-col-md-auto h-col-auto align-self-lg-end align-self-md-end align-self-end style-1787-outer style-local-9489-c5-outer\">\n            <div data-colibri-id=\"9489-c5\" class=\"d-flex h-flex-basis h-column__inner h-ui-empty-state-container h-px-lg-0 h-px-md-0 h-px-0 v-inner-lg-0 v-inner-md-0 v-inner-0 style-1787 style-local-9489-c5 position-relative\">\n              <!---->\n              <!---->\n              <div class=\"w-100 h-y-container h-column__content h-column__v-align flex-basis-100\">\n                <!---->\n              <\/div>\n            <\/div>\n          <\/div>\n          <div class=\"h-column h-column-container d-flex h-col-lg-auto h-col-md-auto h-col-auto align-self-lg-end align-self-md-end align-self-end style-1788-outer style-local-9489-c6-outer\">\n            <div data-colibri-id=\"9489-c6\" class=\"d-flex h-flex-basis h-column__inner h-ui-empty-state-container h-px-lg-0 h-px-md-0 h-px-0 v-inner-lg-0 v-inner-md-0 v-inner-0 style-1788 style-local-9489-c6 position-relative\">\n              <!---->\n              <!---->\n              <div class=\"w-100 h-y-container h-column__content h-column__v-align flex-basis-100\">\n                <!---->\n              <\/div>\n            <\/div>\n          <\/div>\n        <\/div>\n      <\/div>\n    <\/div>\n  <\/div>\n<\/div>","protected":false},"excerpt":{"rendered":"<p>Vorstand Der ALA Vorstand stellt sich vor. Steffen Wolter Erster Vorsitzender. Reiner Haffke Zweiter Vorsitzender. Werner Preu\u00df Schriftf\u00fchrer. J\u00fcrgen Labatz Schatzmeister. Reiner Netwall Beisitzer.<\/p>\n","protected":false},"author":5,"featured_media":0,"parent":0,"menu_order":0,"comment_status":"closed","ping_status":"closed","template":"page-templates\/full-width-page.php","meta":{"footnotes":""},"class_list":["post-9489","page","type-page","status-publish","hentry"],"_links":{"self":[{"href":"https:\/\/alaev-lueneburg.de\/alawordpress\/wp-json\/wp\/v2\/pages\/9489","targetHints":{"allow":["GET"]}}],"collection":[{"href":"https:\/\/alaev-lueneburg.de\/alawordpress\/wp-json\/wp\/v2\/pages"}],"about":[{"href":"https:\/\/alaev-lueneburg.de\/alawordpress\/wp-json\/wp\/v2\/types\/page"}],"author":[{"embeddable":true,"href":"https:\/\/alaev-lueneburg.de\/alawordpress\/wp-json\/wp\/v2\/users\/5"}],"replies":[{"embeddable":true,"href":"https:\/\/alaev-lueneburg.de\/alawordpress\/wp-json\/wp\/v2\/comments?post=9489"}],"version-history":[{"count":3,"href":"https:\/\/alaev-lueneburg.de\/alawordpress\/wp-json\/wp\/v2\/pages\/9489\/revisions"}],"predecessor-version":[{"id":10766,"href":"https:\/\/alaev-lueneburg.de\/alawordpress\/wp-json\/wp\/v2\/pages\/9489\/revisions\/10766"}],"wp:attachment":[{"href":"https:\/\/alaev-lueneburg.de\/alawordpress\/wp-json\/wp\/v2\/media?parent=9489"}],"curies":[{"name":"wp","href":"https:\/\/api.w.org\/{rel}","templated":true}]}}