{"id":5339,"date":"2025-03-08T08:50:44","date_gmt":"2025-03-08T07:50:44","guid":{"rendered":"https:\/\/alaev-lueneburg.de\/alawordpress\/?page_id=5339"},"modified":"2025-06-29T12:46:47","modified_gmt":"2025-06-29T10:46:47","slug":"spenden","status":"publish","type":"page","link":"https:\/\/alaev-lueneburg.de\/alawordpress\/spenden\/","title":{"rendered":"Spenden Sie uns"},"content":{"rendered":"<div data-colibri-id=\"5339-c1\" class=\"style-1100 style-local-5339-c1 position-relative\">\n  <!---->\n  <div data-colibri-component=\"section\" data-colibri-id=\"5339-c2\" id=\"reusable-sections\" class=\"h-section h-section-global-spacing d-flex align-items-lg-center align-items-md-center align-items-center style-1111 style-local-5339-c2 position-relative\">\n    <!---->\n    <!---->\n    <div class=\"h-section-grid-container h-section-boxed-container\">\n      <div data-colibri-id=\"5339-c5\" class=\"h-row-container gutters-row-lg-2 gutters-row-md-2 gutters-row-2 gutters-row-v-lg-2 gutters-row-v-md-2 gutters-row-v-2 style-1116 style-local-5339-c5 position-relative\">\n        <!---->\n        <div class=\"h-row justify-content-lg-center justify-content-md-center justify-content-center align-items-lg-stretch align-items-md-stretch align-items-stretch gutters-col-lg-2 gutters-col-md-2 gutters-col-2 gutters-col-v-lg-2 gutters-col-v-md-2 gutters-col-v-2\">\n          <!---->\n          <div class=\"h-column h-column-container d-flex h-col-lg-auto h-col-md-auto h-col-auto style-1117-outer style-local-5339-c6-outer\">\n            <div data-colibri-id=\"5339-c6\" class=\"d-flex h-flex-basis h-column__inner h-px-lg-2 h-px-md-2 h-px-2 v-inner-lg-2 v-inner-md-2 v-inner-2 style-1117 style-local-5339-c6 position-relative\">\n              <!---->\n              <!---->\n              <div class=\"w-100 h-y-container h-column__content h-column__v-align flex-basis-100 align-self-lg-start align-self-md-start align-self-start\">\n                <!---->\n                <div data-colibri-id=\"5339-c7\" class=\"h-global-transition-all h-heading style-1118 style-local-5339-c7 position-relative h-element\">\n                  <!---->\n                  <div class=\"h-heading__outer style-1118 style-local-5339-c7\">\n                    <!---->\n                    <!---->\n                    <h2 class=\"\">Spenden Sie uns<\/h2>\n                  <\/div>\n                <\/div>\n                <div data-colibri-id=\"5339-c8\" class=\"h-lead h-text h-text-component style-1119 style-local-5339-c8 position-relative h-element\">\n                  <!---->\n                  <!---->\n                  <div class=\"\">\n                    <p>Der ALA freut sich \u00fcber jede Spende \u2013 unabh\u00e4ngig davon, ob es sich um eine Geld- oder Sachspende handelt. Alle Spenden&nbsp;flie\u00dfen vollst\u00e4ndig in die Zwecke des Vereins: den Erhalt der L\u00fcneburger Altstadt und den Denkmalschutz.<\/p>\n                  <\/div>\n                <\/div>\n                <div data-colibri-id=\"5339-c9\" class=\"h-row-container gutters-row-lg-2 gutters-row-md-2 gutters-row-0 gutters-row-v-lg-2 gutters-row-v-md-2 gutters-row-v-0 style-1120 style-local-5339-c9 position-relative\">\n                  <!---->\n                  <div class=\"h-row justify-content-lg-center justify-content-md-center justify-content-center align-items-lg-stretch align-items-md-stretch align-items-stretch gutters-col-lg-2 gutters-col-md-2 gutters-col-0 gutters-col-v-lg-2 gutters-col-v-md-2 gutters-col-v-0\">\n                    <!---->\n                    <div class=\"h-column h-column-container d-flex h-col-lg-12 h-col-md-12 h-col-12 style-1121-outer style-local-5339-c10-outer\">\n                      <div data-colibri-id=\"5339-c10\" class=\"d-flex h-flex-basis h-column__inner h-px-lg-2 h-px-md-2 h-px-2 v-inner-lg-2 v-inner-md-2 v-inner-2 style-1121 style-local-5339-c10 position-relative\">\n                        <!---->\n                        <!---->\n                        <div class=\"w-100 h-y-container h-column__content h-column__v-align flex-basis-100 align-self-lg-start align-self-md-start align-self-start\">\n                          <!---->\n                          <div data-colibri-id=\"5339-c11\" class=\"h-global-transition-all h-heading style-1122 style-local-5339-c11 position-relative h-element\">\n                            <!---->\n                            <div class=\"h-heading__outer style-1122 style-local-5339-c11\">\n                              <!---->\n                              <!---->\n                              <h5 class=\"\">SPENDEN PER BANK\u00dcBERWEISUNG<\/h5>\n                            <\/div>\n                          <\/div>\n                          <div data-colibri-id=\"5339-c12\" class=\"h-text h-text-component style-1123 style-local-5339-c12 position-relative h-element\">\n                            <!---->\n                            <!---->\n                            <div class=\"\">\n                              <p>Eine Spende per Bank\u00fcberweisung ist eine einfache und sichere M\u00f6glichkeit, den ALA zu unterst\u00fctzen. Unsere Bankverbindung lautet wie folgt.\n                                <br>\n                                <br>Kontoinhaber: Arbeitskreis L\u00fcneburger Altstadt e.V.\n                                <br>IBAN: DE21&nbsp;2405&nbsp;0110&nbsp;0000&nbsp;0002&nbsp;08\n                                <br> Swift: NOLADE21LBG<\/p>\n                            <\/div>\n                          <\/div>\n                        <\/div>\n                      <\/div>\n                    <\/div>\n                    <div class=\"h-column h-column-container d-flex h-col-lg-12 h-col-md-12 h-col-12 style-1124-outer style-local-5339-c13-outer\">\n                      <div data-colibri-id=\"5339-c13\" class=\"d-flex h-flex-basis h-column__inner h-px-lg-2 h-px-md-2 h-px-2 v-inner-lg-2 v-inner-md-2 v-inner-2 style-1124 style-local-5339-c13 position-relative\">\n                        <!---->\n                        <!---->\n                        <div class=\"w-100 h-y-container h-column__content h-column__v-align flex-basis-100 align-self-lg-start align-self-md-start align-self-start\">\n                          <!---->\n                          <div data-colibri-id=\"5339-c14\" class=\"h-global-transition-all h-heading style-1122 style-local-5339-c14 position-relative h-element\">\n                            <!---->\n                            <div class=\"h-heading__outer style-1122 style-local-5339-c14\">\n                              <!---->\n                              <!---->\n                              <h5 class=\"\">SPENDEN PER INTERNET SPENDENPLATFORM<\/h5>\n                            <\/div>\n                          <\/div>\n                          <div data-colibri-id=\"5339-c15\" class=\"h-text h-text-component style-1123 style-local-5339-c15 position-relative h-element\">\n                            <!---->\n                            <!---->\n                            <div class=\"\">\n                              <p>Sie k\u00f6nnen uns auch auf sicherem Weg im Internet Geld online \u00fcberweisen. Wir haben eine ALA Spendenseite bei der in Deutschland ans\u00e4ssigen und renommierten Spendenplattform \u201ebetterplace.org&#8220;, angelegt, damit Sie auch per\n                                Paypal und Kreditkarte spenden k\u00f6nnen.<\/p>\n                            <\/div>\n                          <\/div>\n                          <div data-colibri-id=\"5339-c16\" class=\"h-x-container style-1128 style-local-5339-c16 position-relative h-element\">\n                            <!---->\n                            <div class=\"h-x-container-inner style-dynamic-5339-c16-group style-1128-spacing style-local-5339-c16-spacing\"><span class=\"h-button__outer style-1129-outer style-local-5339-c17-outer d-inline-flex h-element\"><a h-use-smooth-scroll=\"true\" href=\"\"  data-colibri-id=\"5339-c17\" class=\"d-flex w-100 align-items-center h-button justify-content-lg-center justify-content-md-center justify-content-center style-1129 style-local-5339-c17 position-relative\"><!----><!----> <span>Jetzt Online Spenden<\/span><\/a>\n                              <\/span>\n                            <\/div>\n                          <\/div>\n                        <\/div>\n                      <\/div>\n                    <\/div>\n                    <div class=\"h-column h-column-container d-flex h-col-lg-12 h-col-md-12 h-col-12 style-1127-outer style-local-5339-c18-outer\">\n                      <div data-colibri-id=\"5339-c18\" class=\"d-flex h-flex-basis h-column__inner h-px-lg-2 h-px-md-2 h-px-2 v-inner-lg-2 v-inner-md-2 v-inner-2 style-1127 style-local-5339-c18 position-relative\">\n                        <!---->\n                        <!---->\n                        <div class=\"w-100 h-y-container h-column__content h-column__v-align flex-basis-100 align-self-lg-start align-self-md-start align-self-start\">\n                          <!---->\n                          <div data-colibri-id=\"5339-c19\" class=\"h-global-transition-all h-heading style-1122 style-local-5339-c19 position-relative h-element\">\n                            <!---->\n                            <div class=\"h-heading__outer style-1122 style-local-5339-c19\">\n                              <!---->\n                              <!---->\n                              <h5 class=\"\">SACHSPENDEN<\/h5>\n                            <\/div>\n                          <\/div>\n                          <div data-colibri-id=\"5339-c20\" class=\"h-text h-text-component style-1126 style-local-5339-c20 position-relative h-element\">\n                            <!---->\n                            <!---->\n                            <div class=\"\">\n                              <p>Bewahren Sie kulturelles Erbe mit Ihrer Sachspende. Ob historische Baustoffe, Antiquit\u00e4ten oder historische Alltagsgegenst\u00e4nde wie Werkzeuge, Schilder und B\u00fccher \u2013 jede Spende tr\u00e4gt dazu bei, Geschichte lebendig zu halten.\n                                Wir suchen auch gut erhaltene Gem\u00e4lde, Fotografien und Dokumente, die die Stadtgeschichte authentisch erz\u00e4hlen. Kontaktieren Sie uns f\u00fcr eine unkomplizierte \u00dcbergabe.\n                                <br>\n                              <\/p>\n                            <\/div>\n                          <\/div>\n                          <div data-colibri-id=\"5339-c21\" class=\"h-x-container style-1130 style-local-5339-c21 position-relative h-element\">\n                            <!---->\n                            <div class=\"h-x-container-inner style-dynamic-5339-c21-group style-1130-spacing style-local-5339-c21-spacing\"><span class=\"h-button__outer style-1131-outer style-local-5339-c22-outer d-inline-flex h-element\"><a h-use-smooth-scroll=\"true\" href=\"kontakt\"  data-colibri-id=\"5339-c22\" class=\"d-flex w-100 align-items-center h-button justify-content-lg-center justify-content-md-center justify-content-center style-1131 style-local-5339-c22 position-relative\"><!----><!----> <span>KONTAKT AUFNEHMEN<\/span><\/a>\n                              <\/span>\n                            <\/div>\n                          <\/div>\n                        <\/div>\n                      <\/div>\n                    <\/div>\n                  <\/div>\n                <\/div>\n              <\/div>\n            <\/div>\n          <\/div>\n        <\/div>\n      <\/div>\n      <div data-colibri-id=\"5339-c3\" class=\"h-row-container gutters-row-lg-0 gutters-row-md-0 gutters-row-0 gutters-row-v-lg-0 gutters-row-v-md-0 gutters-row-v-0 style-1112 style-local-5339-c3 h-overflow-hidden position-relative\">\n        <!---->\n        <div class=\"h-row justify-content-lg-center justify-content-md-center justify-content-center align-items-lg-end align-items-md-end align-items-end gutters-col-lg-0 gutters-col-md-0 gutters-col-0 gutters-col-v-lg-0 gutters-col-v-md-0 gutters-col-v-0\">\n          <!---->\n          <div class=\"h-column h-column-container d-flex h-col-lg-auto h-col-md-auto h-col-auto align-self-lg-end align-self-md-end align-self-end style-1114-outer style-local-5339-c4-outer\">\n            <div data-colibri-id=\"5339-c4\" class=\"d-flex h-flex-basis h-column__inner h-ui-empty-state-container h-px-lg-0 h-px-md-0 h-px-0 v-inner-lg-0 v-inner-md-0 v-inner-0 style-1114 style-local-5339-c4 position-relative\">\n              <!---->\n              <!---->\n              <div class=\"w-100 h-y-container h-column__content h-column__v-align flex-basis-100\">\n                <!---->\n              <\/div>\n            <\/div>\n          <\/div>\n        <\/div>\n      <\/div>\n    <\/div>\n  <\/div>\n<\/div>","protected":false},"excerpt":{"rendered":"<p>Spenden Sie uns Der ALA freut sich \u00fcber jede Spende \u2013 unabh\u00e4ngig davon, ob es sich um eine Geld- oder Sachspende handelt. Alle Spenden&nbsp;flie\u00dfen vollst\u00e4ndig in die Zwecke des Vereins: den Erhalt der L\u00fcneburger Altstadt und den Denkmalschutz. SPENDEN PER BANK\u00dcBERWEISUNG Eine Spende per Bank\u00fcberweisung ist eine einfache und sichere M\u00f6glichkeit, den ALA zu unterst\u00fctzen. [&hellip;]<\/p>\n","protected":false},"author":5,"featured_media":0,"parent":0,"menu_order":0,"comment_status":"closed","ping_status":"closed","template":"page-templates\/full-width-page.php","meta":{"footnotes":""},"class_list":["post-5339","page","type-page","status-publish","hentry"],"_links":{"self":[{"href":"https:\/\/alaev-lueneburg.de\/alawordpress\/wp-json\/wp\/v2\/pages\/5339","targetHints":{"allow":["GET"]}}],"collection":[{"href":"https:\/\/alaev-lueneburg.de\/alawordpress\/wp-json\/wp\/v2\/pages"}],"about":[{"href":"https:\/\/alaev-lueneburg.de\/alawordpress\/wp-json\/wp\/v2\/types\/page"}],"author":[{"embeddable":true,"href":"https:\/\/alaev-lueneburg.de\/alawordpress\/wp-json\/wp\/v2\/users\/5"}],"replies":[{"embeddable":true,"href":"https:\/\/alaev-lueneburg.de\/alawordpress\/wp-json\/wp\/v2\/comments?post=5339"}],"version-history":[{"count":19,"href":"https:\/\/alaev-lueneburg.de\/alawordpress\/wp-json\/wp\/v2\/pages\/5339\/revisions"}],"predecessor-version":[{"id":10042,"href":"https:\/\/alaev-lueneburg.de\/alawordpress\/wp-json\/wp\/v2\/pages\/5339\/revisions\/10042"}],"wp:attachment":[{"href":"https:\/\/alaev-lueneburg.de\/alawordpress\/wp-json\/wp\/v2\/media?parent=5339"}],"curies":[{"name":"wp","href":"https:\/\/api.w.org\/{rel}","templated":true}]}}