{"id":4290,"date":"2025-02-28T11:57:18","date_gmt":"2025-02-28T10:57:18","guid":{"rendered":"https:\/\/alaev-lueneburg.de\/alawordpress\/?page_id=4290"},"modified":"2025-05-02T07:04:24","modified_gmt":"2025-05-02T05:04:24","slug":"historische-baumaterialien","status":"publish","type":"page","link":"https:\/\/alaev-lueneburg.de\/alawordpress\/historische-baumaterialien\/","title":{"rendered":"Historische Baumaterialien"},"content":{"rendered":"<div data-colibri-id=\"4290-c1\" class=\"style-1320 style-local-4290-c1 position-relative\">\n  <!---->\n  <div data-colibri-component=\"section\" data-colibri-id=\"4290-c2\" id=\"reusable-sections\" class=\"h-section h-section-global-spacing d-flex align-items-lg-center align-items-md-center align-items-center style-1349 style-local-4290-c2 position-relative\">\n    <!---->\n    <!---->\n    <div class=\"h-section-grid-container h-section-boxed-container\">\n      <!---->\n      <div data-colibri-id=\"4290-c3\" class=\"h-row-container gutters-row-lg-2 gutters-row-md-2 gutters-row-0 gutters-row-v-lg-2 gutters-row-v-md-2 gutters-row-v-2 style-1350 style-local-4290-c3 position-relative\">\n        <!---->\n        <div class=\"h-row justify-content-lg-center justify-content-md-center justify-content-center align-items-lg-stretch align-items-md-stretch align-items-stretch gutters-col-lg-2 gutters-col-md-2 gutters-col-0 gutters-col-v-lg-2 gutters-col-v-md-2 gutters-col-v-2\">\n          <!---->\n          <div class=\"h-column h-column-container d-flex h-col-lg-auto h-col-md-auto h-col-auto style-1351-outer style-local-4290-c4-outer\">\n            <div data-colibri-id=\"4290-c4\" class=\"d-flex h-flex-basis h-column__inner h-px-lg-2 h-px-md-2 h-px-2 v-inner-lg-2 v-inner-md-2 v-inner-2 style-1351 style-local-4290-c4 position-relative\">\n              <!---->\n              <!---->\n              <div class=\"w-100 h-y-container h-column__content h-column__v-align flex-basis-100 align-self-lg-start align-self-md-start align-self-start\">\n                <!---->\n                <div data-colibri-id=\"4290-c5\" class=\"h-global-transition-all h-heading style-1352 style-local-4290-c5 position-relative h-element\">\n                  <!---->\n                  <div class=\"h-heading__outer style-1352 style-local-4290-c5\">\n                    <!---->\n                    <!---->\n                    <h2 class=\"\">Historische Baumaterialien<\/h2>\n                  <\/div>\n                <\/div>\n                <div data-colibri-id=\"4290-c6\" class=\"h-text h-text-component style-1353 style-local-4290-c6 position-relative h-element\">\n                  <!---->\n                  <!---->\n                  <div class=\"\">\n                    <p>Von uns gerettete historische Baumaterialien stehen f\u00fcr Restaurationsprojekte bereit \u2013 ein nachhaltigerer Umgang mit Geschichte ist kaum m\u00f6glich.<\/p>\n                  <\/div>\n                <\/div>\n              <\/div>\n            <\/div>\n          <\/div>\n        <\/div>\n      <\/div>\n      <div data-colibri-id=\"4290-c7\" class=\"h-row-container gutters-row-lg-0 gutters-row-md-0 gutters-row-0 gutters-row-v-lg-0 gutters-row-v-md-0 gutters-row-v-0 style-1354 style-local-4290-c7 position-relative\">\n        <!---->\n        <div class=\"h-row justify-content-lg-center justify-content-md-center justify-content-center align-items-lg-stretch align-items-md-stretch align-items-stretch gutters-col-lg-0 gutters-col-md-0 gutters-col-0 gutters-col-v-lg-0 gutters-col-v-md-0 gutters-col-v-0\">\n          <!---->\n          <div class=\"h-column h-column-container d-flex h-col-lg-auto h-col-md-auto h-col-auto style-1355-outer style-local-4290-c8-outer\">\n            <div data-colibri-id=\"4290-c8\" class=\"d-flex h-flex-basis h-column__inner h-px-lg-0 h-px-md-0 h-px-0 v-inner-lg-0 v-inner-md-0 v-inner-0 style-1355 style-local-4290-c8 position-relative\">\n              <!---->\n              <!---->\n              <div class=\"w-100 h-y-container h-column__content h-column__v-align flex-basis-100 align-self-lg-start align-self-md-start align-self-start\">\n                <!---->\n                <div data-colibri-id=\"4290-c9\" class=\"h-global-transition-all h-heading style-1356 style-local-4290-c9 position-relative h-element\">\n                  <!---->\n                  <div class=\"h-heading__outer style-1356 style-local-4290-c9\">\n                    <!---->\n                    <!---->\n                    <h4 class=\"\">T\u00dcREN, FENSTER, BALKEN&#8230;.<\/h4>\n                  <\/div>\n                <\/div>\n                <div data-colibri-id=\"4290-c10\" class=\"h-text h-text-component style-1357 style-local-4290-c10 position-relative h-element\">\n                  <!---->\n                  <!---->\n                  <div class=\"\">\n                    <p>In unserem Speicher bewahren wir historische Baumaterialien aus den letzten 350 Jahren, die f\u00fcr Restaurierungsprojekte zur Verf\u00fcgung stehen. Dazu geh\u00f6ren T\u00fcren, Fenster, Dachpfannen, Balken und zahlreiche einzigartige Zeugnisse historischer\n                      Baukunst.<\/p>\n                    <p>Diese wertvollen Materialien geben wir gegen eine Spende f\u00fcr denkmalgerechte Restaurierungen weiter.<\/p>\n                  <\/div>\n                <\/div>\n              <\/div>\n            <\/div>\n          <\/div>\n          <div class=\"h-column h-column-container d-flex h-col-lg-auto h-col-md-auto h-col-auto style-1358-outer style-local-4290-c11-outer\">\n            <div data-colibri-id=\"4290-c11\" class=\"d-flex h-flex-basis h-column__inner h-ui-empty-state-container h-px-lg-2 h-px-md-2 h-px-0 v-inner-lg-2 v-inner-md-2 v-inner-0 style-1358 style-local-4290-c11 position-relative\">\n              <!---->\n              <!---->\n              <div class=\"w-100 h-y-container h-column__content h-column__v-align flex-basis-100\">\n                <!---->\n              <\/div>\n            <\/div>\n          <\/div>\n        <\/div>\n      <\/div>\n    <\/div>\n  <\/div>\n  <div data-colibri-component=\"section\" data-colibri-id=\"4290-c12\" id=\"reusable-sections-2\" class=\"h-section h-section-global-spacing d-flex align-items-lg-center align-items-md-center align-items-center style-1359 style-local-4290-c12 position-relative\">\n    <div class=\"background-wrapper\">\n      <div class=\"background-layer background-layer-media-container-lg\">\n        <!---->\n        <div class=\"overlay-layer\">\n          <div class=\"overlay-image-layer\" style=\"background-color: rgb(0, 0, 0); opacity: 0.5;\"><\/div>\n        <\/div>\n      <\/div>\n      <div class=\"background-layer background-layer-media-container-md\">\n        <!---->\n        <div class=\"overlay-layer\">\n          <div class=\"overlay-image-layer\" style=\"background-color: rgb(0, 0, 0); opacity: 0.5;\"><\/div>\n        <\/div>\n      <\/div>\n      <div class=\"background-layer background-layer-media-container\">\n        <!---->\n        <div class=\"overlay-layer\">\n          <div class=\"overlay-image-layer\" style=\"background-color: rgb(0, 0, 0); opacity: 0.5;\"><\/div>\n        <\/div>\n      <\/div>\n    <\/div>\n    <!---->\n    <div class=\"h-section-grid-container h-section-boxed-container\">\n      <!---->\n      <div data-colibri-id=\"4290-c13\" class=\"h-row-container gutters-row-lg-2 gutters-row-md-2 gutters-row-0 gutters-row-v-lg-2 gutters-row-v-md-2 gutters-row-v-2 style-1360 style-local-4290-c13 position-relative\">\n        <!---->\n        <div class=\"h-row justify-content-lg-center justify-content-md-center justify-content-center align-items-lg-stretch align-items-md-stretch align-items-stretch gutters-col-lg-2 gutters-col-md-2 gutters-col-0 gutters-col-v-lg-2 gutters-col-v-md-2 gutters-col-v-2\">\n          <!---->\n          <div class=\"h-column h-column-container d-flex h-col-lg h-col-md h-col-auto style-1361-outer style-local-4290-c14-outer\">\n            <div data-colibri-id=\"4290-c14\" class=\"d-flex h-flex-basis h-column__inner h-px-lg-0 h-px-md-0 h-px-2 v-inner-lg-0 v-inner-md-0 v-inner-2 style-1361 style-local-4290-c14 position-relative\">\n              <!---->\n              <!---->\n              <div class=\"w-100 h-y-container h-column__content h-column__v-align flex-basis-100 align-self-lg-center align-self-md-center align-self-center\">\n                <!---->\n                <div data-colibri-id=\"4290-c15\" class=\"h-global-transition-all h-heading style-1362 style-local-4290-c15 position-relative h-element\">\n                  <!---->\n                  <div class=\"h-heading__outer style-1362 style-local-4290-c15\">\n                    <!---->\n                    <!---->\n                    <h2 class=\"\">Nachhaltig\n                      <br>restaurieren.<\/h2>\n                  <\/div>\n                <\/div>\n              <\/div>\n            <\/div>\n          <\/div>\n          <div class=\"h-column h-column-container d-flex h-col-lg-auto h-col-md-auto h-col-auto style-1363-outer style-local-4290-c16-outer\">\n            <div data-colibri-id=\"4290-c16\" class=\"d-flex h-flex-basis h-column__inner h-px-lg-0 h-px-md-0 h-px-2 v-inner-lg-0 v-inner-md-0 v-inner-2 style-1363 style-local-4290-c16 position-relative\">\n              <!---->\n              <!---->\n              <div class=\"w-100 h-y-container h-column__content h-column__v-align flex-basis-auto align-self-lg-center align-self-md-center align-self-center\">\n                <!---->\n                <div data-colibri-id=\"4290-c17\" class=\"h-x-container style-1364 style-local-4290-c17 position-relative h-element\">\n                  <!---->\n                  <div class=\"h-x-container-inner style-dynamic-4290-c17-group style-1364-spacing style-local-4290-c17-spacing\"><span class=\"h-button__outer style-1365-outer style-local-4290-c18-outer d-inline-flex h-element\"><a h-use-smooth-scroll=\"true\" href=\"kontakt\"  data-colibri-id=\"4290-c18\" class=\"d-flex w-100 align-items-center h-button justify-content-lg-center justify-content-md-center justify-content-center style-1365 style-local-4290-c18 position-relative\"><!----><!----> <span>Baumaterialien anfragen<\/span><\/a>\n                    <\/span>\n                  <\/div>\n                <\/div>\n              <\/div>\n            <\/div>\n          <\/div>\n        <\/div>\n      <\/div>\n    <\/div>\n  <\/div>\n<\/div>","protected":false},"excerpt":{"rendered":"<p>Historische Baumaterialien Von uns gerettete historische Baumaterialien stehen f\u00fcr Restaurationsprojekte bereit \u2013 ein nachhaltigerer Umgang mit Geschichte ist kaum m\u00f6glich. T\u00dcREN, FENSTER, BALKEN&#8230;. In unserem Speicher bewahren wir historische Baumaterialien aus den letzten 350 Jahren, die f\u00fcr Restaurierungsprojekte zur Verf\u00fcgung stehen. Dazu geh\u00f6ren T\u00fcren, Fenster, Dachpfannen, Balken und zahlreiche einzigartige Zeugnisse historischer Baukunst. Diese wertvollen [&hellip;]<\/p>\n","protected":false},"author":5,"featured_media":0,"parent":0,"menu_order":0,"comment_status":"closed","ping_status":"closed","template":"page-templates\/full-width-page.php","meta":{"footnotes":""},"class_list":["post-4290","page","type-page","status-publish","hentry"],"_links":{"self":[{"href":"https:\/\/alaev-lueneburg.de\/alawordpress\/wp-json\/wp\/v2\/pages\/4290","targetHints":{"allow":["GET"]}}],"collection":[{"href":"https:\/\/alaev-lueneburg.de\/alawordpress\/wp-json\/wp\/v2\/pages"}],"about":[{"href":"https:\/\/alaev-lueneburg.de\/alawordpress\/wp-json\/wp\/v2\/types\/page"}],"author":[{"embeddable":true,"href":"https:\/\/alaev-lueneburg.de\/alawordpress\/wp-json\/wp\/v2\/users\/5"}],"replies":[{"embeddable":true,"href":"https:\/\/alaev-lueneburg.de\/alawordpress\/wp-json\/wp\/v2\/comments?post=4290"}],"version-history":[{"count":8,"href":"https:\/\/alaev-lueneburg.de\/alawordpress\/wp-json\/wp\/v2\/pages\/4290\/revisions"}],"predecessor-version":[{"id":8789,"href":"https:\/\/alaev-lueneburg.de\/alawordpress\/wp-json\/wp\/v2\/pages\/4290\/revisions\/8789"}],"wp:attachment":[{"href":"https:\/\/alaev-lueneburg.de\/alawordpress\/wp-json\/wp\/v2\/media?parent=4290"}],"curies":[{"name":"wp","href":"https:\/\/api.w.org\/{rel}","templated":true}]}}