{"id":4282,"date":"2025-02-28T11:53:19","date_gmt":"2025-02-28T10:53:19","guid":{"rendered":"https:\/\/alaev-lueneburg.de\/alawordpress\/?page_id=4282"},"modified":"2025-05-02T07:02:28","modified_gmt":"2025-05-02T05:02:28","slug":"archiv","status":"publish","type":"page","link":"https:\/\/alaev-lueneburg.de\/alawordpress\/archiv\/","title":{"rendered":"Archiv"},"content":{"rendered":"<div data-colibri-id=\"4282-c1\" class=\"style-903 style-local-4282-c1 position-relative\">\n  <!---->\n  <div data-colibri-component=\"section\" data-colibri-id=\"4282-c2\" id=\"reusable-sections-2\" class=\"h-section h-section-global-spacing d-flex align-items-lg-center align-items-md-center align-items-center style-1437 style-local-4282-c2 position-relative\">\n    <!---->\n    <!---->\n    <div class=\"h-section-grid-container h-section-boxed-container\">\n      <!---->\n      <div data-colibri-id=\"4282-c3\" class=\"h-row-container gutters-row-lg-1 gutters-row-md-1 gutters-row-3 gutters-row-v-lg-1 gutters-row-v-md-1 gutters-row-v-3 style-1464 style-local-4282-c3 position-relative\">\n        <!---->\n        <div class=\"h-row justify-content-lg-center justify-content-md-center justify-content-center align-items-lg-stretch align-items-md-stretch align-items-stretch gutters-col-lg-1 gutters-col-md-1 gutters-col-3 gutters-col-v-lg-1 gutters-col-v-md-1 gutters-col-v-3\">\n          <!---->\n          <div class=\"h-column h-column-container d-flex h-col-lg-auto h-col-md-auto h-col-auto style-1465-outer style-local-4282-c4-outer\">\n            <div data-colibri-id=\"4282-c4\" class=\"d-flex h-flex-basis h-column__inner h-px-lg-3 h-px-md-3 h-px-2 v-inner-lg-3 v-inner-md-3 v-inner-2 style-1465 style-local-4282-c4 position-relative\">\n              <!---->\n              <!---->\n              <div class=\"w-100 h-y-container h-column__content h-column__v-align flex-basis-100 align-self-lg-start align-self-md-start align-self-start\">\n                <!---->\n                <div data-colibri-id=\"4282-c5\" class=\"h-global-transition-all h-heading style-1458 style-local-4282-c5 position-relative h-element\">\n                  <!---->\n                  <div class=\"h-heading__outer style-1458 style-local-4282-c5\">\n                    <!---->\n                    <!---->\n                    <h1 class=\"\">ALA Archiv<\/h1>\n                  <\/div>\n                <\/div>\n                <div data-colibri-id=\"4282-c6\" class=\"h-text h-text-component style-1463 style-local-4282-c6 position-relative h-element\">\n                  <!---->\n                  <!---->\n                  <div class=\"\">\n                    <p>Der ALA betreibt ein umfangreiches Archiv zum Denkmalschutz, in dem wertvolles Wissen \u00fcber L\u00fcneburgs Baudenkm\u00e4ler aufbewahrt werden.<\/p>\n                  <\/div>\n                <\/div>\n              <\/div>\n            <\/div>\n          <\/div>\n        <\/div>\n      <\/div>\n      <div data-colibri-id=\"4282-c7\" class=\"h-row-container gutters-row-lg-0 gutters-row-md-0 gutters-row-0 gutters-row-v-lg-0 gutters-row-v-md-0 gutters-row-v-0 style-1438 style-local-4282-c7 position-relative\">\n        <!---->\n        <div class=\"h-row justify-content-lg-center justify-content-md-center justify-content-center align-items-lg-stretch align-items-md-stretch align-items-stretch gutters-col-lg-0 gutters-col-md-0 gutters-col-0 gutters-col-v-lg-0 gutters-col-v-md-0 gutters-col-v-0\">\n          <!---->\n          <div class=\"h-column h-column-container d-flex h-col-lg-auto h-col-md-auto h-col-auto style-1439-outer style-local-4282-c8-outer\">\n            <div data-colibri-id=\"4282-c8\" class=\"d-flex h-flex-basis h-column__inner h-px-lg-0 h-px-md-0 h-px-0 v-inner-lg-0 v-inner-md-0 v-inner-0 style-1439 style-local-4282-c8 position-relative\">\n              <!---->\n              <!---->\n              <div class=\"w-100 h-y-container h-column__content h-column__v-align flex-basis-100 align-self-lg-start align-self-md-start align-self-start\">\n                <!---->\n                <div data-colibri-id=\"4282-c9\" class=\"h-global-transition-all h-heading style-1440 style-local-4282-c9 position-relative h-element\">\n                  <!---->\n                  <div class=\"h-heading__outer style-1440 style-local-4282-c9\">\n                    <!---->\n                    <!---->\n                    <h3 class=\"\">Regionale Baugeschichte<\/h3>\n                  <\/div>\n                <\/div>\n                <div data-colibri-id=\"4282-c10\" class=\"h-text h-text-component style-1441 style-local-4282-c10 position-relative h-element\">\n                  <!---->\n                  <!---->\n                  <div class=\"\">\n                    <p>In unserem Archiv befinden sich Ver\u00f6ffentlichungen zur regionalen Baugeschichte und Denkmalpflege.&nbsp;\n                      <br> Dazu z\u00e4hlen Spezialb\u00e4nde, Fachzeitschriften (z.\u202fB. Holznagel, Monumente, Nieders\u00e4chsische Denkmalpflege) sowie eigene Publikationen.<\/p>\n                  <\/div>\n                <\/div>\n              <\/div>\n            <\/div>\n          <\/div>\n          <div class=\"h-column h-column-container d-flex h-col-lg-auto h-col-md-auto h-col-auto style-1442-outer style-local-4282-c11-outer\">\n            <div data-colibri-id=\"4282-c11\" class=\"d-flex h-flex-basis h-column__inner h-ui-empty-state-container h-px-lg-2 h-px-md-2 h-px-0 v-inner-lg-2 v-inner-md-2 v-inner-0 style-1442 style-local-4282-c11 position-relative\">\n              <!---->\n              <!---->\n              <div class=\"w-100 h-y-container h-column__content h-column__v-align flex-basis-100\">\n                <!---->\n              <\/div>\n            <\/div>\n          <\/div>\n        <\/div>\n      <\/div>\n    <\/div>\n  <\/div>\n  <div data-colibri-component=\"section\" data-colibri-id=\"4282-c12\" id=\"reusable-sections-3\" class=\"h-section h-section-global-spacing d-flex align-items-lg-center align-items-md-center align-items-center style-1443 style-local-4282-c12 position-relative\">\n    <!---->\n    <!---->\n    <div class=\"h-section-grid-container h-section-boxed-container\">\n      <!---->\n      <div data-colibri-id=\"4282-c13\" class=\"h-row-container gutters-row-lg-0 gutters-row-md-0 gutters-row-0 gutters-row-v-lg-0 gutters-row-v-md-0 gutters-row-v-0 style-1444 style-local-4282-c13 position-relative\">\n        <!---->\n        <div class=\"h-row justify-content-lg-center justify-content-md-center justify-content-center align-items-lg-stretch align-items-md-stretch align-items-stretch gutters-col-lg-0 gutters-col-md-0 gutters-col-0 gutters-col-v-lg-0 gutters-col-v-md-0 gutters-col-v-0\">\n          <!---->\n          <div class=\"h-column h-column-container d-flex h-col-lg-auto h-col-md-auto h-col-auto style-1445-outer style-local-4282-c14-outer\">\n            <div data-colibri-id=\"4282-c14\" class=\"d-flex h-flex-basis h-column__inner h-ui-empty-state-container h-px-lg-0 h-px-md-0 h-px-0 v-inner-lg-0 v-inner-md-0 v-inner-0 style-1445 style-local-4282-c14 position-relative\">\n              <!---->\n              <!---->\n              <div class=\"w-100 h-y-container h-column__content h-column__v-align flex-basis-100\">\n                <!---->\n              <\/div>\n            <\/div>\n          <\/div>\n          <div class=\"h-column h-column-container d-flex h-col-lg-auto h-col-md-auto h-col-auto style-1446-outer style-local-4282-c15-outer\">\n            <div data-colibri-id=\"4282-c15\" class=\"d-flex h-flex-basis h-column__inner h-px-lg-2 h-px-md-2 h-px-2 v-inner-lg-2 v-inner-md-2 v-inner-2 style-1446 style-local-4282-c15 position-relative\">\n              <!---->\n              <!---->\n              <div class=\"w-100 h-y-container h-column__content h-column__v-align flex-basis-100 align-self-lg-start align-self-md-start align-self-start\">\n                <!---->\n                <div data-colibri-id=\"4282-c16\" class=\"h-global-transition-all h-heading style-1447 style-local-4282-c16 position-relative h-element\">\n                  <!---->\n                  <div class=\"h-heading__outer style-1447 style-local-4282-c16\">\n                    <!---->\n                    <!---->\n                    <h3 class=\"\">ZEITUNGSAUSCHNITTE<\/h3>\n                  <\/div>\n                <\/div>\n                <div data-colibri-id=\"4282-c17\" class=\"h-text h-text-component style-1448 style-local-4282-c17 position-relative h-element\">\n                  <!---->\n                  <!---->\n                  <div class=\"\">\n                    <p>Wir verf\u00fcgen dar\u00fcber hinaus \u00fcber eine umfassende Sammlung von Zeitungsausschnitten zur Baudenkmalpflege und zu Abrissen historischer Bausubstanz in der Stadt L\u00fcneburg sowie der Region.<\/p>\n                  <\/div>\n                <\/div>\n              <\/div>\n            <\/div>\n          <\/div>\n        <\/div>\n      <\/div>\n    <\/div>\n  <\/div>\n  <div data-colibri-component=\"section\" data-colibri-id=\"4282-c18\" id=\"reusable-sections-4\" class=\"h-section h-section-global-spacing d-flex align-items-lg-center align-items-md-center align-items-center style-1449 style-local-4282-c18 position-relative\">\n    <!---->\n    <!---->\n    <div class=\"h-section-grid-container h-section-boxed-container\">\n      <!---->\n      <div data-colibri-id=\"4282-c19\" class=\"h-row-container gutters-row-lg-0 gutters-row-md-0 gutters-row-0 gutters-row-v-lg-0 gutters-row-v-md-0 gutters-row-v-0 style-1450 style-local-4282-c19 position-relative\">\n        <!---->\n        <div class=\"h-row justify-content-lg-center justify-content-md-center justify-content-center align-items-lg-stretch align-items-md-stretch align-items-stretch gutters-col-lg-0 gutters-col-md-0 gutters-col-0 gutters-col-v-lg-0 gutters-col-v-md-0 gutters-col-v-0\">\n          <!---->\n          <div class=\"h-column h-column-container d-flex h-col-lg-auto h-col-md-auto h-col-auto style-1451-outer style-local-4282-c20-outer\">\n            <div data-colibri-id=\"4282-c20\" class=\"d-flex h-flex-basis h-column__inner h-px-lg-0 h-px-md-0 h-px-0 v-inner-lg-0 v-inner-md-0 v-inner-0 style-1451 style-local-4282-c20 position-relative\">\n              <!---->\n              <!---->\n              <div class=\"w-100 h-y-container h-column__content h-column__v-align flex-basis-100 align-self-lg-start align-self-md-start align-self-start\">\n                <!---->\n                <div data-colibri-id=\"4282-c21\" class=\"h-global-transition-all h-heading style-1452 style-local-4282-c21 position-relative h-element\">\n                  <!---->\n                  <div class=\"h-heading__outer style-1452 style-local-4282-c21\">\n                    <!---->\n                    <!---->\n                    <h3 class=\"\">BILD UND TEXTARCHIV<\/h3>\n                  <\/div>\n                <\/div>\n                <div data-colibri-id=\"4282-c22\" class=\"h-text h-text-component style-1453 style-local-4282-c22 position-relative h-element\">\n                  <!---->\n                  <!---->\n                  <div class=\"\">\n                    <p>Das nach Stra\u00dfenz\u00fcgen geordnete Bild- und Textarchiv enth\u00e4lt derzeit ca. 17.000 digitalisierte Dokumente und Fotografien von L\u00fcneburger Einzelobjekten, insbesondere von bestehenden und abgerissenen Geb\u00e4uden sowie von Pl\u00e4tzen, Parks,\n                      Stra\u00dfenz\u00fcgen, Stadtpl\u00e4nen und Kunstwerken in L\u00fcneburg.<\/p>\n                  <\/div>\n                <\/div>\n              <\/div>\n            <\/div>\n          <\/div>\n          <div class=\"h-column h-column-container d-flex h-col-lg-auto h-col-md-auto h-col-auto style-1454-outer style-local-4282-c23-outer\">\n            <div data-colibri-id=\"4282-c23\" class=\"d-flex h-flex-basis h-column__inner h-ui-empty-state-container h-px-lg-2 h-px-md-2 h-px-0 v-inner-lg-2 v-inner-md-2 v-inner-0 style-1454 style-local-4282-c23 position-relative\">\n              <!---->\n              <!---->\n              <div class=\"w-100 h-y-container h-column__content h-column__v-align flex-basis-100\">\n                <!---->\n              <\/div>\n            <\/div>\n          <\/div>\n        <\/div>\n      <\/div>\n    <\/div>\n  <\/div>\n<\/div>","protected":false},"excerpt":{"rendered":"<p>ALA Archiv Der ALA betreibt ein umfangreiches Archiv zum Denkmalschutz, in dem wertvolles Wissen \u00fcber L\u00fcneburgs Baudenkm\u00e4ler aufbewahrt werden. Regionale Baugeschichte In unserem Archiv befinden sich Ver\u00f6ffentlichungen zur regionalen Baugeschichte und Denkmalpflege.&nbsp; Dazu z\u00e4hlen Spezialb\u00e4nde, Fachzeitschriften (z.\u202fB. Holznagel, Monumente, Nieders\u00e4chsische Denkmalpflege) sowie eigene Publikationen. ZEITUNGSAUSCHNITTE Wir verf\u00fcgen dar\u00fcber hinaus \u00fcber eine umfassende Sammlung von Zeitungsausschnitten [&hellip;]<\/p>\n","protected":false},"author":5,"featured_media":0,"parent":0,"menu_order":0,"comment_status":"closed","ping_status":"closed","template":"page-templates\/full-width-page.php","meta":{"footnotes":""},"class_list":["post-4282","page","type-page","status-publish","hentry"],"_links":{"self":[{"href":"https:\/\/alaev-lueneburg.de\/alawordpress\/wp-json\/wp\/v2\/pages\/4282","targetHints":{"allow":["GET"]}}],"collection":[{"href":"https:\/\/alaev-lueneburg.de\/alawordpress\/wp-json\/wp\/v2\/pages"}],"about":[{"href":"https:\/\/alaev-lueneburg.de\/alawordpress\/wp-json\/wp\/v2\/types\/page"}],"author":[{"embeddable":true,"href":"https:\/\/alaev-lueneburg.de\/alawordpress\/wp-json\/wp\/v2\/users\/5"}],"replies":[{"embeddable":true,"href":"https:\/\/alaev-lueneburg.de\/alawordpress\/wp-json\/wp\/v2\/comments?post=4282"}],"version-history":[{"count":16,"href":"https:\/\/alaev-lueneburg.de\/alawordpress\/wp-json\/wp\/v2\/pages\/4282\/revisions"}],"predecessor-version":[{"id":8782,"href":"https:\/\/alaev-lueneburg.de\/alawordpress\/wp-json\/wp\/v2\/pages\/4282\/revisions\/8782"}],"wp:attachment":[{"href":"https:\/\/alaev-lueneburg.de\/alawordpress\/wp-json\/wp\/v2\/media?parent=4282"}],"curies":[{"name":"wp","href":"https:\/\/api.w.org\/{rel}","templated":true}]}}