{"id":4280,"date":"2025-02-28T11:52:49","date_gmt":"2025-02-28T10:52:49","guid":{"rendered":"https:\/\/alaev-lueneburg.de\/alawordpress\/?page_id=4280"},"modified":"2025-03-15T09:27:22","modified_gmt":"2025-03-15T08:27:22","slug":"stadtwachen","status":"publish","type":"page","link":"https:\/\/alaev-lueneburg.de\/alawordpress\/stadtwachen\/","title":{"rendered":"Stadtwachen"},"content":{"rendered":"<div data-colibri-id=\"4280-c1\" class=\"style-1366 style-local-4280-c1 position-relative\">\n  <!---->\n  <div data-colibri-component=\"section\" data-colibri-id=\"4280-c2\" id=\"reusable-sections\" class=\"h-section h-section-global-spacing d-flex align-items-lg-center align-items-md-center align-items-center style-1367 style-local-4280-c2 position-relative\">\n    <!---->\n    <!---->\n    <div class=\"h-section-grid-container h-section-boxed-container\">\n      <!---->\n      <div data-colibri-id=\"4280-c3\" class=\"h-row-container gutters-row-lg-0 gutters-row-md-0 gutters-row-0 gutters-row-v-lg-0 gutters-row-v-md-0 gutters-row-v-0 style-1368 style-local-4280-c3 position-relative\">\n        <!---->\n        <div class=\"h-row justify-content-lg-center justify-content-md-center justify-content-center align-items-lg-stretch align-items-md-stretch align-items-stretch gutters-col-lg-0 gutters-col-md-0 gutters-col-0 gutters-col-v-lg-0 gutters-col-v-md-0 gutters-col-v-0\">\n          <!---->\n          <div class=\"h-column h-column-container d-flex h-col-lg-auto h-col-md-auto h-col-auto style-1369-outer style-local-4280-c4-outer\">\n            <div data-colibri-id=\"4280-c4\" class=\"d-flex h-flex-basis h-column__inner h-px-lg-2 h-px-md-2 h-px-2 v-inner-lg-2 v-inner-md-2 v-inner-2 style-1369 style-local-4280-c4 position-relative\">\n              <!---->\n              <!---->\n              <div class=\"w-100 h-y-container h-column__content h-column__v-align flex-basis-100 align-self-lg-start align-self-md-start align-self-start\">\n                <!---->\n                <div data-colibri-id=\"4280-c5\" class=\"h-global-transition-all h-heading style-1370 style-local-4280-c5 position-relative h-element\">\n                  <!---->\n                  <div class=\"h-heading__outer style-1370 style-local-4280-c5\">\n                    <!---->\n                    <!---->\n                    <h2 class=\"\">Stadtwachen des ALA<\/h2>\n                  <\/div>\n                <\/div>\n                <div data-colibri-id=\"4280-c6\" class=\"h-text h-text-component style-1371 style-local-4280-c6 position-relative h-element\">\n                  <!---->\n                  <!---->\n                  <div class=\"\">\n                    <p>Die Stadtwachen mit ihren Landsknechten und Marketenderinnen in Gew\u00e4ndern der Renaissance machen auf den ALA Veranstaltungen die Geschichte durch autentische Darstellung lebendig.<\/p>\n                  <\/div>\n                <\/div>\n              <\/div>\n            <\/div>\n          <\/div>\n        <\/div>\n      <\/div>\n      <div data-colibri-id=\"4280-c7\" class=\"h-row-container gutters-row-lg-0 gutters-row-md-0 gutters-row-0 gutters-row-v-lg-0 gutters-row-v-md-0 gutters-row-v-0 style-1372 style-local-4280-c7 position-relative\">\n        <!---->\n        <div class=\"h-row justify-content-lg-center justify-content-md-center justify-content-center align-items-lg-stretch align-items-md-stretch align-items-stretch gutters-col-lg-0 gutters-col-md-0 gutters-col-0 gutters-col-v-lg-0 gutters-col-v-md-0 gutters-col-v-0\">\n          <!---->\n          <div class=\"h-column h-column-container d-flex h-col-lg-auto h-col-md-auto h-col-auto style-1373-outer style-local-4280-c8-outer\">\n            <div data-colibri-id=\"4280-c8\" class=\"d-flex h-flex-basis h-column__inner h-px-lg-0 h-px-md-0 h-px-0 v-inner-lg-0 v-inner-md-0 v-inner-0 style-1373 style-local-4280-c8 position-relative\">\n              <!---->\n              <!---->\n              <div class=\"w-100 h-y-container h-column__content h-column__v-align flex-basis-100 align-self-lg-start align-self-md-start align-self-start\">\n                <!---->\n                <div data-colibri-id=\"4280-c9\" class=\"h-global-transition-all h-heading style-1374 style-local-4280-c9 position-relative h-element\">\n                  <!---->\n                  <div class=\"h-heading__outer style-1374 style-local-4280-c9\">\n                    <!---->\n                    <!---->\n                    <h4 class=\"\">GESCHICHTE LEBENDIG MACHEN<\/h4>\n                  <\/div>\n                <\/div>\n                <div data-colibri-id=\"4280-c10\" class=\"h-text h-text-component style-1375 style-local-4280-c10 position-relative h-element\">\n                  <!---->\n                  <!---->\n                  <div class=\"\">\n                    <p>Die Stadtwachen mit ihren Landsknechten und Marketenderinnen sind fester Bestandteil des Historischen Christmarkts, der Alten Handwerkerstra\u00dfe sowie weiterer ALA-Veranstaltungen. Sie pflegen die Geschichte durch eine authentische Darstellung,\n                      machen das historische Stadtleben erlebbar und sorgen als Wachen der Veranstaltungen f\u00fcr ein stimmungsvolles Ambiente. Zudem sammeln sie an den Eingangstoren Spenden f\u00fcr den Denkmalschutz, um den Erhalt wertvoller Baudenkm\u00e4ler zu\n                      unterst\u00fctzen.\n                      <br>\n                    <\/p>\n                  <\/div>\n                <\/div>\n              <\/div>\n            <\/div>\n          <\/div>\n          <div class=\"h-column h-column-container d-flex h-col-lg-auto h-col-md-auto h-col-auto style-1376-outer style-local-4280-c11-outer\">\n            <div data-colibri-id=\"4280-c11\" class=\"d-flex h-flex-basis h-column__inner h-ui-empty-state-container h-px-lg-2 h-px-md-2 h-px-0 v-inner-lg-2 v-inner-md-2 v-inner-0 style-1376 style-local-4280-c11 position-relative\">\n              <!---->\n              <!---->\n              <div class=\"w-100 h-y-container h-column__content h-column__v-align flex-basis-100\">\n                <!---->\n              <\/div>\n            <\/div>\n          <\/div>\n        <\/div>\n      <\/div>\n    <\/div>\n  <\/div>\n  <div data-colibri-component=\"section\" data-colibri-id=\"4280-c12\" id=\"reusable-sections-2\" class=\"h-section h-section-global-spacing d-flex align-items-lg-center align-items-md-center align-items-center style-1382 style-local-4280-c12 position-relative\">\n    <div class=\"background-wrapper\">\n      <div class=\"background-layer background-layer-media-container-lg\">\n        <!---->\n        <div class=\"overlay-layer\">\n          <div class=\"overlay-image-layer\" style=\"background-color: rgb(0, 0, 0); opacity: 0.5;\"><\/div>\n        <\/div>\n      <\/div>\n      <div class=\"background-layer background-layer-media-container-md\">\n        <!---->\n        <div class=\"overlay-layer\">\n          <div class=\"overlay-image-layer\" style=\"background-color: rgb(0, 0, 0); opacity: 0.5;\"><\/div>\n        <\/div>\n      <\/div>\n      <div class=\"background-layer background-layer-media-container\">\n        <!---->\n        <div class=\"overlay-layer\">\n          <div class=\"overlay-image-layer\" style=\"background-color: rgb(0, 0, 0); opacity: 0.5;\"><\/div>\n        <\/div>\n      <\/div>\n    <\/div>\n    <!---->\n    <div class=\"h-section-grid-container h-section-boxed-container\">\n      <!---->\n      <div data-colibri-id=\"4280-c13\" class=\"h-row-container gutters-row-lg-2 gutters-row-md-2 gutters-row-0 gutters-row-v-lg-2 gutters-row-v-md-2 gutters-row-v-2 style-1383 style-local-4280-c13 position-relative\">\n        <!---->\n        <div class=\"h-row justify-content-lg-center justify-content-md-center justify-content-center align-items-lg-stretch align-items-md-stretch align-items-stretch gutters-col-lg-2 gutters-col-md-2 gutters-col-0 gutters-col-v-lg-2 gutters-col-v-md-2 gutters-col-v-2\">\n          <!---->\n          <div class=\"h-column h-column-container d-flex h-col-lg h-col-md h-col-auto style-1384-outer style-local-4280-c14-outer\">\n            <div data-colibri-id=\"4280-c14\" class=\"d-flex h-flex-basis h-column__inner h-px-lg-0 h-px-md-0 h-px-2 v-inner-lg-0 v-inner-md-0 v-inner-2 style-1384 style-local-4280-c14 position-relative\">\n              <!---->\n              <!---->\n              <div class=\"w-100 h-y-container h-column__content h-column__v-align flex-basis-100 align-self-lg-center align-self-md-center align-self-center\">\n                <!---->\n                <div data-colibri-id=\"4280-c15\" class=\"h-global-transition-all h-heading style-1385 style-local-4280-c15 position-relative h-element\">\n                  <!---->\n                  <div class=\"h-heading__outer style-1385 style-local-4280-c15\">\n                    <!---->\n                    <!---->\n                    <h2 class=\"\">Werde Teil der Stadtwachen.<\/h2>\n                  <\/div>\n                <\/div>\n              <\/div>\n            <\/div>\n          <\/div>\n          <div class=\"h-column h-column-container d-flex h-col-lg-auto h-col-md-auto h-col-auto style-1386-outer style-local-4280-c16-outer\">\n            <div data-colibri-id=\"4280-c16\" class=\"d-flex h-flex-basis h-column__inner h-px-lg-0 h-px-md-0 h-px-2 v-inner-lg-0 v-inner-md-0 v-inner-2 style-1386 style-local-4280-c16 position-relative\">\n              <!---->\n              <!---->\n              <div class=\"w-100 h-y-container h-column__content h-column__v-align flex-basis-auto align-self-lg-center align-self-md-center align-self-center\">\n                <!---->\n                <div data-colibri-id=\"4280-c17\" class=\"h-x-container style-1387 style-local-4280-c17 position-relative h-element\">\n                  <!---->\n                  <div class=\"h-x-container-inner style-dynamic-4280-c17-group style-1387-spacing style-local-4280-c17-spacing\"><span class=\"h-button__outer style-1388-outer style-local-4280-c18-outer d-inline-flex h-element\"><a h-use-smooth-scroll=\"true\" href=\"kontakt\"  data-colibri-id=\"4280-c18\" class=\"d-flex w-100 align-items-center h-button justify-content-lg-center justify-content-md-center justify-content-center style-1388 style-local-4280-c18 position-relative\"><!----><!----> <span>Stadtwachen kontaktieren<\/span><\/a>\n                    <\/span>\n                  <\/div>\n                <\/div>\n              <\/div>\n            <\/div>\n          <\/div>\n        <\/div>\n      <\/div>\n    <\/div>\n  <\/div>\n<\/div>","protected":false},"excerpt":{"rendered":"<p>Stadtwachen des ALA Die Stadtwachen mit ihren Landsknechten und Marketenderinnen in Gew\u00e4ndern der Renaissance machen auf den ALA Veranstaltungen die Geschichte durch autentische Darstellung lebendig. GESCHICHTE LEBENDIG MACHEN Die Stadtwachen mit ihren Landsknechten und Marketenderinnen sind fester Bestandteil des Historischen Christmarkts, der Alten Handwerkerstra\u00dfe sowie weiterer ALA-Veranstaltungen. Sie pflegen die Geschichte durch eine authentische Darstellung, [&hellip;]<\/p>\n","protected":false},"author":5,"featured_media":0,"parent":0,"menu_order":0,"comment_status":"closed","ping_status":"closed","template":"page-templates\/full-width-page.php","meta":{"footnotes":""},"class_list":["post-4280","page","type-page","status-publish","hentry"],"_links":{"self":[{"href":"https:\/\/alaev-lueneburg.de\/alawordpress\/wp-json\/wp\/v2\/pages\/4280","targetHints":{"allow":["GET"]}}],"collection":[{"href":"https:\/\/alaev-lueneburg.de\/alawordpress\/wp-json\/wp\/v2\/pages"}],"about":[{"href":"https:\/\/alaev-lueneburg.de\/alawordpress\/wp-json\/wp\/v2\/types\/page"}],"author":[{"embeddable":true,"href":"https:\/\/alaev-lueneburg.de\/alawordpress\/wp-json\/wp\/v2\/users\/5"}],"replies":[{"embeddable":true,"href":"https:\/\/alaev-lueneburg.de\/alawordpress\/wp-json\/wp\/v2\/comments?post=4280"}],"version-history":[{"count":5,"href":"https:\/\/alaev-lueneburg.de\/alawordpress\/wp-json\/wp\/v2\/pages\/4280\/revisions"}],"predecessor-version":[{"id":6974,"href":"https:\/\/alaev-lueneburg.de\/alawordpress\/wp-json\/wp\/v2\/pages\/4280\/revisions\/6974"}],"wp:attachment":[{"href":"https:\/\/alaev-lueneburg.de\/alawordpress\/wp-json\/wp\/v2\/media?parent=4280"}],"curies":[{"name":"wp","href":"https:\/\/api.w.org\/{rel}","templated":true}]}}