{"id":4270,"date":"2025-02-28T11:46:58","date_gmt":"2025-02-28T10:46:58","guid":{"rendered":"https:\/\/alaev-lueneburg.de\/alawordpress\/?page_id=4270"},"modified":"2025-05-02T06:48:28","modified_gmt":"2025-05-02T04:48:28","slug":"was-wir-tun","status":"publish","type":"page","link":"https:\/\/alaev-lueneburg.de\/alawordpress\/was-wir-tun\/","title":{"rendered":"Was wir tun"},"content":{"rendered":"<div data-colibri-id=\"4270-c1\" class=\"style-1040 style-local-4270-c1 position-relative\">\n  <!---->\n  <div data-colibri-component=\"section\" data-colibri-id=\"4270-c2\" id=\"reusable-sections\" class=\"h-section h-section-global-spacing d-flex align-items-lg-center align-items-md-center align-items-center style-1041 style-local-4270-c2 position-relative\">\n    <!---->\n    <!---->\n    <div class=\"h-section-grid-container h-section-boxed-container\">\n      <div data-colibri-id=\"4270-c7\" class=\"h-row-container gutters-row-lg-2 gutters-row-md-2 gutters-row-2 gutters-row-v-lg-2 gutters-row-v-md-2 gutters-row-v-2 style-1046 style-local-4270-c7 position-relative\">\n        <!---->\n        <div class=\"h-row justify-content-lg-center justify-content-md-center justify-content-center align-items-lg-stretch align-items-md-stretch align-items-stretch gutters-col-lg-2 gutters-col-md-2 gutters-col-2 gutters-col-v-lg-2 gutters-col-v-md-2 gutters-col-v-2\">\n          <!---->\n          <div class=\"h-column h-column-container d-flex h-col-lg-auto h-col-md-auto h-col-auto style-1047-outer style-local-4270-c8-outer\">\n            <div data-colibri-id=\"4270-c8\" class=\"d-flex h-flex-basis h-column__inner h-px-lg-2 h-px-md-2 h-px-2 v-inner-lg-2 v-inner-md-2 v-inner-2 style-1047 style-local-4270-c8 position-relative\">\n              <!---->\n              <!---->\n              <div class=\"w-100 h-y-container h-column__content h-column__v-align flex-basis-100 align-self-lg-start align-self-md-start align-self-start\">\n                <!---->\n                <div data-colibri-id=\"4270-c9\" class=\"h-global-transition-all h-heading style-1048 style-local-4270-c9 position-relative h-element\">\n                  <!---->\n                  <div class=\"h-heading__outer style-1048 style-local-4270-c9\">\n                    <!---->\n                    <!---->\n                    <h2 class=\"\">Was wir tun<\/h2>\n                  <\/div>\n                <\/div>\n                <div data-colibri-id=\"4270-c10\" class=\"h-lead h-text h-text-component style-1049 style-local-4270-c10 position-relative h-element\">\n                  <!---->\n                  <!---->\n                  <div class=\"\">\n                    <p>Wir setzen uns f\u00fcr den Erhalt des gewachsenen historischen Stadtbildes von L\u00fcneburg in seiner Gesamtheit ein und f\u00f6rdern die Belebung der Altstadt.<\/p>\n                  <\/div>\n                <\/div>\n                <div data-colibri-id=\"4270-c11\" class=\"h-row-container gutters-row-lg-2 gutters-row-md-2 gutters-row-0 gutters-row-v-lg-2 gutters-row-v-md-2 gutters-row-v-0 style-1050 style-local-4270-c11 position-relative\">\n                  <!---->\n                  <div class=\"h-row justify-content-lg-center justify-content-md-center justify-content-center align-items-lg-stretch align-items-md-stretch align-items-stretch gutters-col-lg-2 gutters-col-md-2 gutters-col-0 gutters-col-v-lg-2 gutters-col-v-md-2 gutters-col-v-0\">\n                    <!---->\n                    <div class=\"h-column h-column-container d-flex h-col-lg-12 h-col-md-12 h-col-12 style-1051-outer style-local-4270-c12-outer\">\n                      <div data-colibri-id=\"4270-c12\" class=\"d-flex h-flex-basis h-column__inner h-px-lg-0 h-px-md-0 h-px-2 v-inner-lg-0 v-inner-md-0 v-inner-2 style-1051 style-local-4270-c12 position-relative\">\n                        <!---->\n                        <!---->\n                        <div class=\"w-100 h-y-container h-column__content h-column__v-align flex-basis-100 align-self-lg-start align-self-md-start align-self-start\">\n                          <!---->\n                          <div data-colibri-id=\"4270-c13\" class=\"h-global-transition-all h-heading style-1052 style-local-4270-c13 position-relative h-element\">\n                            <!---->\n                            <div class=\"h-heading__outer style-1052 style-local-4270-c13\">\n                              <!---->\n                              <!---->\n                              <h5 class=\"\">BERATUNG IM DENKMALSCHUTZ<\/h5>\n                            <\/div>\n                          <\/div>\n                          <div data-colibri-id=\"4270-c14\" class=\"h-text h-text-component style-1053 style-local-4270-c14 position-relative h-element\">\n                            <!---->\n                            <!---->\n                            <div class=\"\">\n                              <p>Wir beraten Akteure im Bereich des Denkmalschutzes, darunter die Stadt und den Landkreis L\u00fcneburg, politische Entscheidungstr\u00e4ger, Museen sowie institutionelle und private Eigent\u00fcmer historischer Bauten.&nbsp;<\/p>\n                            <\/div>\n                          <\/div>\n                        <\/div>\n                      <\/div>\n                    <\/div>\n                    <div class=\"h-column h-column-container d-flex h-col-lg-12 h-col-md-12 h-col-12 style-1051-outer style-local-4270-c15-outer\">\n                      <div data-colibri-id=\"4270-c15\" class=\"d-flex h-flex-basis h-column__inner h-px-lg-0 h-px-md-0 h-px-2 v-inner-lg-0 v-inner-md-0 v-inner-2 style-1051 style-local-4270-c15 position-relative\">\n                        <!---->\n                        <!---->\n                        <div class=\"w-100 h-y-container h-column__content h-column__v-align flex-basis-100 align-self-lg-start align-self-md-start align-self-start\">\n                          <!---->\n                          <div data-colibri-id=\"4270-c16\" class=\"h-global-transition-all h-heading style-1052 style-local-4270-c16 position-relative h-element\">\n                            <!---->\n                            <div class=\"h-heading__outer style-1052 style-local-4270-c16\">\n                              <!---->\n                              <!---->\n                              <h5 class=\"\">BEHARRLICHER PROTEST<\/h5>\n                            <\/div>\n                          <\/div>\n                          <div data-colibri-id=\"4270-c17\" class=\"h-text h-text-component style-1053 style-local-4270-c17 position-relative h-element\">\n                            <!---->\n                            <!---->\n                            <div class=\"\">\n                              <p>Mit konsequentem Einsatz setzen wir uns gegen Bedrohungen des historischen Stadtbildes ein. Durch Protestaktionen, \u00f6ffentliche Stellungnahmen und politischen Einfluss engagieren wir uns aktiv f\u00fcr den Schutz und die Bewahrung\n                                der L\u00fcneburger Altstadt.<\/p>\n                            <\/div>\n                          <\/div>\n                        <\/div>\n                      <\/div>\n                    <\/div>\n                    <div class=\"h-column h-column-container d-flex h-col-lg-12 h-col-md-12 h-col-12 style-1051-outer style-local-4270-c18-outer\">\n                      <div data-colibri-id=\"4270-c18\" class=\"d-flex h-flex-basis h-column__inner h-px-lg-0 h-px-md-0 h-px-2 v-inner-lg-0 v-inner-md-0 v-inner-2 style-1051 style-local-4270-c18 position-relative\">\n                        <!---->\n                        <!---->\n                        <div class=\"w-100 h-y-container h-column__content h-column__v-align flex-basis-100 align-self-lg-start align-self-md-start align-self-start\">\n                          <!---->\n                          <div data-colibri-id=\"4270-c19\" class=\"h-global-transition-all h-heading style-1052 style-local-4270-c19 position-relative h-element\">\n                            <!---->\n                            <div class=\"h-heading__outer style-1052 style-local-4270-c19\">\n                              <!---->\n                              <!---->\n                              <h5 class=\"\">F\u00d6RDERUNG VON PROJEKTEN<\/h5>\n                            <\/div>\n                          <\/div>\n                          <div data-colibri-id=\"4270-c20\" class=\"h-text h-text-component style-1053 style-local-4270-c20 position-relative h-element\">\n                            <!---->\n                            <!---->\n                            <div class=\"\">\n                              <p>Wir unterst\u00fctzen Restaurierungsprojekte, wissenschaftliche Untersuchungen, Publikationen und Veranstaltungen, die zur Bewahrung der L\u00fcneburger Baudenkm\u00e4ler beitragen.&nbsp;<\/p>\n                            <\/div>\n                          <\/div>\n                        <\/div>\n                      <\/div>\n                    <\/div>\n                    <div class=\"h-column h-column-container d-flex h-col-lg-12 h-col-md-12 h-col-12 style-1051-outer style-local-4270-c21-outer\">\n                      <div data-colibri-id=\"4270-c21\" class=\"d-flex h-flex-basis h-column__inner h-px-lg-0 h-px-md-0 h-px-2 v-inner-lg-0 v-inner-md-0 v-inner-2 style-1051 style-local-4270-c21 position-relative\">\n                        <!---->\n                        <!---->\n                        <div class=\"w-100 h-y-container h-column__content h-column__v-align flex-basis-100 align-self-lg-start align-self-md-start align-self-start\">\n                          <!---->\n                          <div data-colibri-id=\"4270-c22\" class=\"h-global-transition-all h-heading style-1052 style-local-4270-c22 position-relative h-element\">\n                            <!---->\n                            <div class=\"h-heading__outer style-1052 style-local-4270-c22\">\n                              <!---->\n                              <!---->\n                              <h5 class=\"\">SPENDEN SAMMELN<\/h5>\n                            <\/div>\n                          <\/div>\n                          <div data-colibri-id=\"4270-c23\" class=\"h-text h-text-component style-1053 style-local-4270-c23 position-relative h-element\">\n                            <!---->\n                            <!---->\n                            <div class=\"\">\n                              <p>Wir sammeln Geld- und Sachspenden, um Vereins- und Restaurierungsprojekte zu finanzieren.<\/p>\n                            <\/div>\n                          <\/div>\n                        <\/div>\n                      <\/div>\n                    <\/div>\n                    <div class=\"h-column h-column-container d-flex h-col-lg-12 h-col-md-12 h-col-12 style-1051-outer style-local-4270-c24-outer\">\n                      <div data-colibri-id=\"4270-c24\" class=\"d-flex h-flex-basis h-column__inner h-px-lg-0 h-px-md-0 h-px-2 v-inner-lg-0 v-inner-md-0 v-inner-2 style-1051 style-local-4270-c24 position-relative\">\n                        <!---->\n                        <!---->\n                        <div class=\"w-100 h-y-container h-column__content h-column__v-align flex-basis-100 align-self-lg-start align-self-md-start align-self-start\">\n                          <!---->\n                          <div data-colibri-id=\"4270-c25\" class=\"h-global-transition-all h-heading style-1052 style-local-4270-c25 position-relative h-element\">\n                            <!---->\n                            <div class=\"h-heading__outer style-1052 style-local-4270-c25\">\n                              <!---->\n                              <!---->\n                              <h5 class=\"\">VERANSTALTUNGEN<\/h5>\n                            <\/div>\n                          <\/div>\n                          <div data-colibri-id=\"4270-c26\" class=\"h-text h-text-component style-1053 style-local-4270-c26 position-relative h-element\">\n                            <!---->\n                            <!---->\n                            <div class=\"\">\n                              <p>Unsere Veranstaltungen machen Geschichte erlebbar: der Historische Christmarkt, die Alte Handwerkerstra\u00dfe, Quartiersabende, Stadtrundg\u00e4nge und weitere Aktionen f\u00f6rdern das Bewusstsein f\u00fcr den kulturellen Wert der L\u00fcneburger\n                                Altstadt.<\/p>\n                            <\/div>\n                          <\/div>\n                        <\/div>\n                      <\/div>\n                    <\/div>\n                    <div class=\"h-column h-column-container d-flex h-col-lg-12 h-col-md-12 h-col-12 style-1051-outer style-local-4270-c27-outer\">\n                      <div data-colibri-id=\"4270-c27\" class=\"d-flex h-flex-basis h-column__inner h-px-lg-0 h-px-md-0 h-px-2 v-inner-lg-0 v-inner-md-0 v-inner-2 style-1051 style-local-4270-c27 position-relative\">\n                        <!---->\n                        <!---->\n                        <div class=\"w-100 h-y-container h-column__content h-column__v-align flex-basis-100 align-self-lg-start align-self-md-start align-self-start\">\n                          <!---->\n                          <div data-colibri-id=\"4270-c28\" class=\"h-global-transition-all h-heading style-1052 style-local-4270-c28 position-relative h-element\">\n                            <!---->\n                            <div class=\"h-heading__outer style-1052 style-local-4270-c28\">\n                              <!---->\n                              <!---->\n                              <h5 class=\"\">PUBLIKATIONEN<\/h5>\n                            <\/div>\n                          <\/div>\n                          <div data-colibri-id=\"4270-c29\" class=\"h-text h-text-component style-1053 style-local-4270-c29 position-relative h-element\">\n                            <!---->\n                            <!---->\n                            <div class=\"\">\n                              <p>Mit unserer Vereinszeitschrift \u201eAufrisse\u201c, Fachb\u00fcchern und Kalendern dokumentieren wir die Geschichte und Entwicklungen im Denkmalschutz. Unsere Publikationen dienen der Information und Sensibilisierung einer breiten \u00d6ffentlichkeit.<\/p>\n                            <\/div>\n                          <\/div>\n                        <\/div>\n                      <\/div>\n                    <\/div>\n                    <div class=\"h-column h-column-container d-flex h-col-lg-12 h-col-md-12 h-col-12 style-1051-outer style-local-4270-c30-outer\">\n                      <div data-colibri-id=\"4270-c30\" class=\"d-flex h-flex-basis h-column__inner h-px-lg-0 h-px-md-0 h-px-2 v-inner-lg-0 v-inner-md-0 v-inner-2 style-1051 style-local-4270-c30 position-relative\">\n                        <!---->\n                        <!---->\n                        <div class=\"w-100 h-y-container h-column__content h-column__v-align flex-basis-100 align-self-lg-start align-self-md-start align-self-start\">\n                          <!---->\n                          <div data-colibri-id=\"4270-c31\" class=\"h-global-transition-all h-heading style-1052 style-local-4270-c31 position-relative h-element\">\n                            <!---->\n                            <div class=\"h-heading__outer style-1052 style-local-4270-c31\">\n                              <!---->\n                              <!---->\n                              <h5 class=\"\">FORSCHUNG<\/h5>\n                            <\/div>\n                          <\/div>\n                          <div data-colibri-id=\"4270-c32\" class=\"h-text h-text-component style-1053 style-local-4270-c32 position-relative h-element\">\n                            <!---->\n                            <!---->\n                            <div class=\"\">\n                              <p>Wir erforschen die Geschichte der L\u00fcneburger Altstadt und ihrer Baudenkm\u00e4ler. Durch Bauforschung und wissenschaftliche Stellungnahmen tragen wir zur Dokumentation und zum Erhalt des architektonischen Erbes der Stadt bei.<\/p>\n                            <\/div>\n                          <\/div>\n                        <\/div>\n                      <\/div>\n                    <\/div>\n                    <div class=\"h-column h-column-container d-flex h-col-lg-12 h-col-md-12 h-col-12 style-1051-outer style-local-4270-c33-outer\">\n                      <div data-colibri-id=\"4270-c33\" class=\"d-flex h-flex-basis h-column__inner h-px-lg-0 h-px-md-0 h-px-2 v-inner-lg-0 v-inner-md-0 v-inner-2 style-1051 style-local-4270-c33 position-relative\">\n                        <!---->\n                        <!---->\n                        <div class=\"w-100 h-y-container h-column__content h-column__v-align flex-basis-100 align-self-lg-start align-self-md-start align-self-start\">\n                          <!---->\n                          <div data-colibri-id=\"4270-c34\" class=\"h-global-transition-all h-heading style-1052 style-local-4270-c34 position-relative h-element\">\n                            <!---->\n                            <div class=\"h-heading__outer style-1052 style-local-4270-c34\">\n                              <!---->\n                              <!---->\n                              <h5 class=\"\">HISTORISCHE BAUMATERIALIEN<\/h5>\n                            <\/div>\n                          <\/div>\n                          <div data-colibri-id=\"4270-c35\" class=\"h-text h-text-component style-1053 style-local-4270-c35 position-relative h-element\">\n                            <!---->\n                            <!---->\n                            <div class=\"\">\n                              <p>Von uns gerettete historische Baumaterialien lagern in unserem Speicher und stehen f\u00fcr Restaurierungsprojekte bereit \u2013 ein nachhaltigerer Umgang mit Geschichte ist kaum m\u00f6glich.<\/p>\n                            <\/div>\n                          <\/div>\n                        <\/div>\n                      <\/div>\n                    <\/div>\n                    <div class=\"h-column h-column-container d-flex h-col-lg-12 h-col-md-12 h-col-12 style-1051-outer style-local-4270-c36-outer\">\n                      <div data-colibri-id=\"4270-c36\" class=\"d-flex h-flex-basis h-column__inner h-px-lg-0 h-px-md-0 h-px-2 v-inner-lg-0 v-inner-md-0 v-inner-2 style-1051 style-local-4270-c36 position-relative\">\n                        <!---->\n                        <!---->\n                        <div class=\"w-100 h-y-container h-column__content h-column__v-align flex-basis-100 align-self-lg-start align-self-md-start align-self-start\">\n                          <!---->\n                          <div data-colibri-id=\"4270-c37\" class=\"h-global-transition-all h-heading style-1052 style-local-4270-c37 position-relative h-element\">\n                            <!---->\n                            <div class=\"h-heading__outer style-1052 style-local-4270-c37\">\n                              <!---->\n                              <!---->\n                              <h5 class=\"\">UNTERST\u00dcTZUNG VERMITTELN<\/h5>\n                            <\/div>\n                          <\/div>\n                          <div data-colibri-id=\"4270-c38\" class=\"h-text h-text-component style-1053 style-local-4270-c38 position-relative h-element\">\n                            <!---->\n                            <!---->\n                            <div class=\"\">\n                              <p>Wir helfen Eigent\u00fcmerinnen und Eigent\u00fcmern von Baudenkm\u00e4lern, kompetente Architektinnen und Architekten sowie Handwerkerinnen und Handwerker f\u00fcr denkmalgerechte Restaurierungen zu finden.<\/p>\n                            <\/div>\n                          <\/div>\n                        <\/div>\n                      <\/div>\n                    <\/div>\n                  <\/div>\n                <\/div>\n              <\/div>\n            <\/div>\n          <\/div>\n        <\/div>\n      <\/div>\n      <div data-colibri-id=\"4270-c3\" class=\"h-row-container gutters-row-lg-0 gutters-row-md-0 gutters-row-0 gutters-row-v-lg-0 gutters-row-v-md-0 gutters-row-v-0 style-1042 style-local-4270-c3 h-overflow-hidden position-relative\">\n        <!---->\n        <div class=\"h-row justify-content-lg-center justify-content-md-center justify-content-center align-items-lg-end align-items-md-end align-items-end gutters-col-lg-0 gutters-col-md-0 gutters-col-0 gutters-col-v-lg-0 gutters-col-v-md-0 gutters-col-v-0\">\n          <!---->\n          <div class=\"h-column h-column-container d-flex h-col-lg-auto h-col-md-auto h-col-auto align-self-lg-end align-self-md-end align-self-end style-1043-outer style-local-4270-c4-outer\">\n            <div data-colibri-id=\"4270-c4\" class=\"d-flex h-flex-basis h-column__inner h-ui-empty-state-container h-px-lg-0 h-px-md-0 h-px-0 v-inner-lg-0 v-inner-md-0 v-inner-0 style-1043 style-local-4270-c4 position-relative\">\n              <!---->\n              <!---->\n              <div class=\"w-100 h-y-container h-column__content h-column__v-align flex-basis-100\">\n                <!---->\n              <\/div>\n            <\/div>\n          <\/div>\n          <div class=\"h-column h-column-container d-flex h-col-lg-auto h-col-md-auto h-col-auto align-self-lg-end align-self-md-end align-self-end style-1044-outer style-local-4270-c5-outer\">\n            <div data-colibri-id=\"4270-c5\" class=\"d-flex h-flex-basis h-column__inner h-ui-empty-state-container h-px-lg-0 h-px-md-0 h-px-0 v-inner-lg-0 v-inner-md-0 v-inner-0 style-1044 style-local-4270-c5 position-relative\">\n              <!---->\n              <!---->\n              <div class=\"w-100 h-y-container h-column__content h-column__v-align flex-basis-100\">\n                <!---->\n              <\/div>\n            <\/div>\n          <\/div>\n          <div class=\"h-column h-column-container d-flex h-col-lg-auto h-col-md-auto h-col-auto align-self-lg-end align-self-md-end align-self-end style-1045-outer style-local-4270-c6-outer\">\n            <div data-colibri-id=\"4270-c6\" class=\"d-flex h-flex-basis h-column__inner h-ui-empty-state-container h-px-lg-0 h-px-md-0 h-px-0 v-inner-lg-0 v-inner-md-0 v-inner-0 style-1045 style-local-4270-c6 position-relative\">\n              <!---->\n              <!---->\n              <div class=\"w-100 h-y-container h-column__content h-column__v-align flex-basis-100\">\n                <!---->\n              <\/div>\n            <\/div>\n          <\/div>\n        <\/div>\n      <\/div>\n    <\/div>\n  <\/div>\n<\/div>","protected":false},"excerpt":{"rendered":"<p>Was wir tun Wir setzen uns f\u00fcr den Erhalt des gewachsenen historischen Stadtbildes von L\u00fcneburg in seiner Gesamtheit ein und f\u00f6rdern die Belebung der Altstadt. BERATUNG IM DENKMALSCHUTZ Wir beraten Akteure im Bereich des Denkmalschutzes, darunter die Stadt und den Landkreis L\u00fcneburg, politische Entscheidungstr\u00e4ger, Museen sowie institutionelle und private Eigent\u00fcmer historischer Bauten.&nbsp; BEHARRLICHER PROTEST Mit [&hellip;]<\/p>\n","protected":false},"author":5,"featured_media":0,"parent":0,"menu_order":0,"comment_status":"closed","ping_status":"closed","template":"page-templates\/full-width-page.php","meta":{"footnotes":""},"class_list":["post-4270","page","type-page","status-publish","hentry"],"_links":{"self":[{"href":"https:\/\/alaev-lueneburg.de\/alawordpress\/wp-json\/wp\/v2\/pages\/4270","targetHints":{"allow":["GET"]}}],"collection":[{"href":"https:\/\/alaev-lueneburg.de\/alawordpress\/wp-json\/wp\/v2\/pages"}],"about":[{"href":"https:\/\/alaev-lueneburg.de\/alawordpress\/wp-json\/wp\/v2\/types\/page"}],"author":[{"embeddable":true,"href":"https:\/\/alaev-lueneburg.de\/alawordpress\/wp-json\/wp\/v2\/users\/5"}],"replies":[{"embeddable":true,"href":"https:\/\/alaev-lueneburg.de\/alawordpress\/wp-json\/wp\/v2\/comments?post=4270"}],"version-history":[{"count":7,"href":"https:\/\/alaev-lueneburg.de\/alawordpress\/wp-json\/wp\/v2\/pages\/4270\/revisions"}],"predecessor-version":[{"id":8761,"href":"https:\/\/alaev-lueneburg.de\/alawordpress\/wp-json\/wp\/v2\/pages\/4270\/revisions\/8761"}],"wp:attachment":[{"href":"https:\/\/alaev-lueneburg.de\/alawordpress\/wp-json\/wp\/v2\/media?parent=4270"}],"curies":[{"name":"wp","href":"https:\/\/api.w.org\/{rel}","templated":true}]}}