{"id":2122,"date":"2025-02-20T15:25:40","date_gmt":"2025-02-20T15:25:40","guid":{"rendered":"https:\/\/alaev-lueneburg.de\/alawordpress\/?page_id=2122"},"modified":"2025-03-05T07:34:28","modified_gmt":"2025-03-05T06:34:28","slug":"denkmalschutz","status":"publish","type":"page","link":"https:\/\/alaev-lueneburg.de\/alawordpress\/denkmalschutz\/","title":{"rendered":"Denkmalschutz"},"content":{"rendered":"<div data-colibri-id=\"2122-c1\" class=\"style-969 style-local-2122-c1 position-relative\">\n  <!---->\n  <div data-colibri-component=\"section\" data-colibri-id=\"2122-c2\" id=\"reusable-sections\" class=\"h-section h-section-global-spacing d-flex align-items-lg-center align-items-md-center align-items-center style-970 style-local-2122-c2 position-relative\">\n    <!---->\n    <!---->\n    <div class=\"h-section-grid-container h-section-boxed-container\">\n      <div data-colibri-id=\"2122-c10\" class=\"h-row-container gutters-row-lg-2 gutters-row-md-2 gutters-row-2 gutters-row-v-lg-2 gutters-row-v-md-2 gutters-row-v-2 style-975 style-local-2122-c10 position-relative\">\n        <!---->\n        <div class=\"h-row justify-content-lg-center justify-content-md-center justify-content-center align-items-lg-stretch align-items-md-stretch align-items-stretch gutters-col-lg-2 gutters-col-md-2 gutters-col-2 gutters-col-v-lg-2 gutters-col-v-md-2 gutters-col-v-2\">\n          <!---->\n          <div class=\"h-column h-column-container d-flex h-col-lg-auto h-col-md-auto h-col-auto style-976-outer style-local-2122-c11-outer\">\n            <div data-colibri-id=\"2122-c11\" class=\"d-flex h-flex-basis h-column__inner h-px-lg-2 h-px-md-2 h-px-2 v-inner-lg-2 v-inner-md-2 v-inner-2 style-976 style-local-2122-c11 position-relative\">\n              <!---->\n              <!---->\n              <div class=\"w-100 h-y-container h-column__content h-column__v-align flex-basis-100 align-self-lg-start align-self-md-start align-self-start\">\n                <!---->\n                <div data-colibri-id=\"2122-c12\" class=\"h-global-transition-all h-heading style-977 style-local-2122-c12 position-relative h-element\">\n                  <!---->\n                  <div class=\"h-heading__outer style-977 style-local-2122-c12\">\n                    <!---->\n                    <!---->\n                    <h2 class=\"\">Denkmalschutz aus Sicht des ALA<\/h2>\n                  <\/div>\n                <\/div>\n              <\/div>\n            <\/div>\n          <\/div>\n        <\/div>\n      <\/div>\n      <div data-colibri-id=\"2122-c3\" class=\"h-row-container gutters-row-lg-2 gutters-row-md-2 gutters-row-0 gutters-row-v-lg-2 gutters-row-v-md-2 gutters-row-v-2 style-988 style-local-2122-c3 position-relative\">\n        <!---->\n        <div class=\"h-row justify-content-lg-center justify-content-md-center justify-content-center align-items-lg-stretch align-items-md-stretch align-items-stretch gutters-col-lg-2 gutters-col-md-2 gutters-col-0 gutters-col-v-lg-2 gutters-col-v-md-2 gutters-col-v-2\">\n          <!---->\n          <div class=\"h-column h-column-container d-flex h-col-lg-auto h-col-md-auto h-col-auto style-989-outer style-local-2122-c4-outer\">\n            <div data-colibri-id=\"2122-c4\" class=\"d-flex h-flex-basis h-column__inner h-px-lg-2 h-px-md-2 h-px-2 v-inner-lg-2 v-inner-md-2 v-inner-2 style-989 style-local-2122-c4 position-relative\">\n              <!---->\n              <!---->\n              <div class=\"w-100 h-y-container h-column__content h-column__v-align flex-basis-100 align-self-lg-start align-self-md-start align-self-start\">\n                <!---->\n                <div data-colibri-id=\"2122-c5\" class=\"h-text h-text-component style-982 style-local-2122-c5 position-relative h-element\">\n                  <!---->\n                  <!---->\n                  <div class=\"\">\n                    <p>Der ALA tritt nachdr\u00fccklich daf\u00fcr ein, alte H\u00e4user als Ganzes, einschlie\u00dflich ihres Innenlebens, zu erhalten, zu restaurieren und modernen Nutzungen zuzuf\u00fchren. An vielen Beispielen hat der ALA belegt, dass modernes Leben, Handel und\n                      Wandel sehr wohl mit alten Baustrukturen in Einklang zu bringen ist, ja mehr noch: dass n\u00e4mlich das Moderne erst durch die Integration des Historischen seine ganz besondere Note erh\u00e4lt.&nbsp;\n                      <br>\n                      <br> Der ALA m\u00f6chte auch das Bewusstsein daf\u00fcr wecken, dass hinter manchem verputztem, verkleideten, scheinbar heruntergekommenen Geb\u00e4ude oft Kostbarkeiten zutage treten, wie Decken- und Wandmalereien, Stuckaturen, Vert\u00e4felungen, Backsteinarchitekturen\n                      u.v.m., die jeden restaurierten Bau bereichern k\u00f6nnen. Der ALA m\u00f6chte auch bewusst machen, dass Unkenntnis, Ignoranz, schlechte Planung oder falsche Gesch\u00e4ftst\u00fcchtigkeit der gr\u00f6\u00dfte Feind der historischen Substanz ist, weil ihm die\n                      meisten Decken- und Wandmalereien, kostbare alte T\u00fcren, historische Fenster, alte \u00d6fen und Kamine und vieles mehr unwiederbringlich zum Opfer fallen und das meist, ohne es zu dokumentieren.\n                      <br>\n                      <br> Trotz des allgemeinen Bewusstseinswandels zugunsten historischer Werte, bleibt leider noch vieles zu w\u00fcnschen \u00fcbrig. Gerade in heutiger Zeit droht nach den Zerst\u00f6rungen der 1960 und 1970-iger Jahre erneut die Gefahr, dass unter\n                      dem Diktat leerer \u00f6ffentlicher Kassen der Denkmalschutz wieder auf der Strecke bleibt. Die \u00f6ffentliche Hand ist nur allzu bereit, L\u00fcneburgs kulturhistorische Erbe zu Gunsten von Investorenw\u00fcnschen und dem alles beherrschenden Argument,\n                      Arbeitspl\u00e4tze zu schaffen, zu opfern. Damit gehen unwiederbringliche Werte und Eigenschaften, der Reiz und der besonderen Charme, den L\u00fcneburg von allen anderen St\u00e4dten markant unterscheidet, verloren. Wenn Sie Interesse an unseren\n                      Aktivit\u00e4ten und Zielen haben, k\u00f6nnen Sie sich direkt an den ALA wenden und sich umfangreich informieren.\n                      <br>\n                    <\/p>\n                  <\/div>\n                <\/div>\n              <\/div>\n            <\/div>\n          <\/div>\n        <\/div>\n      <\/div>\n      <div data-colibri-id=\"2122-c6\" class=\"h-row-container gutters-row-lg-0 gutters-row-md-0 gutters-row-0 gutters-row-v-lg-0 gutters-row-v-md-0 gutters-row-v-0 style-971 style-local-2122-c6 h-overflow-hidden position-relative\">\n        <!---->\n        <div class=\"h-row justify-content-lg-center justify-content-md-center justify-content-center align-items-lg-end align-items-md-end align-items-end gutters-col-lg-0 gutters-col-md-0 gutters-col-0 gutters-col-v-lg-0 gutters-col-v-md-0 gutters-col-v-0\">\n          <!---->\n          <div class=\"h-column h-column-container d-flex h-col-lg-auto h-col-md-auto h-col-auto align-self-lg-end align-self-md-end align-self-end style-972-outer style-local-2122-c7-outer\">\n            <div data-colibri-id=\"2122-c7\" class=\"d-flex h-flex-basis h-column__inner h-ui-empty-state-container h-px-lg-0 h-px-md-0 h-px-0 v-inner-lg-0 v-inner-md-0 v-inner-0 style-972 style-local-2122-c7 position-relative\">\n              <!---->\n              <!---->\n              <div class=\"w-100 h-y-container h-column__content h-column__v-align flex-basis-100\">\n                <!---->\n              <\/div>\n            <\/div>\n          <\/div>\n          <div class=\"h-column h-column-container d-flex h-col-lg-auto h-col-md-auto h-col-auto align-self-lg-end align-self-md-end align-self-end style-973-outer style-local-2122-c8-outer\">\n            <div data-colibri-id=\"2122-c8\" class=\"d-flex h-flex-basis h-column__inner h-ui-empty-state-container h-px-lg-0 h-px-md-0 h-px-0 v-inner-lg-0 v-inner-md-0 v-inner-0 style-973 style-local-2122-c8 position-relative\">\n              <!---->\n              <!---->\n              <div class=\"w-100 h-y-container h-column__content h-column__v-align flex-basis-100\">\n                <!---->\n              <\/div>\n            <\/div>\n          <\/div>\n          <div class=\"h-column h-column-container d-flex h-col-lg-auto h-col-md-auto h-col-auto align-self-lg-end align-self-md-end align-self-end style-974-outer style-local-2122-c9-outer\">\n            <div data-colibri-id=\"2122-c9\" class=\"d-flex h-flex-basis h-column__inner h-ui-empty-state-container h-px-lg-0 h-px-md-0 h-px-0 v-inner-lg-0 v-inner-md-0 v-inner-0 style-974 style-local-2122-c9 position-relative\">\n              <!---->\n              <!---->\n              <div class=\"w-100 h-y-container h-column__content h-column__v-align flex-basis-100\">\n                <!---->\n              <\/div>\n            <\/div>\n          <\/div>\n        <\/div>\n      <\/div>\n    <\/div>\n  <\/div>\n<\/div>","protected":false},"excerpt":{"rendered":"<p>Denkmalschutz aus Sicht des ALA Der ALA tritt nachdr\u00fccklich daf\u00fcr ein, alte H\u00e4user als Ganzes, einschlie\u00dflich ihres Innenlebens, zu erhalten, zu restaurieren und modernen Nutzungen zuzuf\u00fchren. An vielen Beispielen hat der ALA belegt, dass modernes Leben, Handel und Wandel sehr wohl mit alten Baustrukturen in Einklang zu bringen ist, ja mehr noch: dass n\u00e4mlich das [&hellip;]<\/p>\n","protected":false},"author":6,"featured_media":0,"parent":0,"menu_order":0,"comment_status":"closed","ping_status":"closed","template":"page-templates\/full-width-page.php","meta":{"footnotes":""},"class_list":["post-2122","page","type-page","status-publish","hentry"],"_links":{"self":[{"href":"https:\/\/alaev-lueneburg.de\/alawordpress\/wp-json\/wp\/v2\/pages\/2122","targetHints":{"allow":["GET"]}}],"collection":[{"href":"https:\/\/alaev-lueneburg.de\/alawordpress\/wp-json\/wp\/v2\/pages"}],"about":[{"href":"https:\/\/alaev-lueneburg.de\/alawordpress\/wp-json\/wp\/v2\/types\/page"}],"author":[{"embeddable":true,"href":"https:\/\/alaev-lueneburg.de\/alawordpress\/wp-json\/wp\/v2\/users\/6"}],"replies":[{"embeddable":true,"href":"https:\/\/alaev-lueneburg.de\/alawordpress\/wp-json\/wp\/v2\/comments?post=2122"}],"version-history":[{"count":4,"href":"https:\/\/alaev-lueneburg.de\/alawordpress\/wp-json\/wp\/v2\/pages\/2122\/revisions"}],"predecessor-version":[{"id":4936,"href":"https:\/\/alaev-lueneburg.de\/alawordpress\/wp-json\/wp\/v2\/pages\/2122\/revisions\/4936"}],"wp:attachment":[{"href":"https:\/\/alaev-lueneburg.de\/alawordpress\/wp-json\/wp\/v2\/media?parent=2122"}],"curies":[{"name":"wp","href":"https:\/\/api.w.org\/{rel}","templated":true}]}}